{"id":1102,"date":"2026-05-08T21:40:19","date_gmt":"2026-05-08T21:40:19","guid":{"rendered":"https:\/\/eime.redcimates.org\/event\/?page_id=1102"},"modified":"2026-05-08T21:40:20","modified_gmt":"2026-05-08T21:40:20","slug":"conferencias-xxix","status":"publish","type":"page","link":"https:\/\/eime.redcimates.org\/event\/conferencias-xxix\/","title":{"rendered":"Conferencias XXIX"},"content":{"rendered":"<style>.wp-block-kadence-advancedheading.kt-adv-heading464_a39148-ff, .wp-block-kadence-advancedheading.kt-adv-heading464_a39148-ff[data-kb-block=\"kb-adv-heading464_a39148-ff\"]{font-style:normal;}.wp-block-kadence-advancedheading.kt-adv-heading464_a39148-ff mark.kt-highlight, .wp-block-kadence-advancedheading.kt-adv-heading464_a39148-ff[data-kb-block=\"kb-adv-heading464_a39148-ff\"] mark.kt-highlight{font-style:normal;color:#f76a0c;-webkit-box-decoration-break:clone;box-decoration-break:clone;padding-top:0px;padding-right:0px;padding-bottom:0px;padding-left:0px;}.wp-block-kadence-advancedheading.kt-adv-heading464_a39148-ff img.kb-inline-image, .wp-block-kadence-advancedheading.kt-adv-heading464_a39148-ff[data-kb-block=\"kb-adv-heading464_a39148-ff\"] img.kb-inline-image{width:150px;vertical-align:baseline;}<\/style>\n<h3 class=\"kt-adv-heading464_a39148-ff wp-block-kadence-advancedheading\" data-kb-block=\"kb-adv-heading464_a39148-ff\">Se considera a varios expertos en Matem\u00e1tica Educativa en ciertas tem\u00e1ticas donde a partir de su experiencia, innovaci\u00f3n, participaci\u00f3n como miembro asociado o colaboradores de la Red, comparte con la comunidad los avances y tendencias de su l\u00ednea de investigaci\u00f3n o los principales proyectos acad\u00e9micos desarrollados.<\/h3>\n\n\n\n<p><\/p>\n\n\n<style>.kt-tabs-id464_75a1ad-34 > .kt-tabs-content-wrap > .wp-block-kadence-tab{border-top:4px solid #af8f1b;border-right:4px solid #af8f1b;border-bottom:4px solid #af8f1b;border-left:4px solid #af8f1b;border-top-left-radius:0px;border-top-right-radius:0px;border-bottom-right-radius:0px;border-bottom-left-radius:0px;padding-top:11px;padding-right:11px;padding-bottom:11px;padding-left:11px;min-height:398px;background:#fff;}.wp-block-kadence-tabs .kt-tabs-id464_75a1ad-34 > .kt-tabs-title-list li{margin-top:7px;margin-right:7px;margin-bottom:7px;margin-left:7px;}.wp-block-kadence-tabs .kt-tabs-id464_75a1ad-34 > .kt-tabs-title-list li:last-child{margin-right:0px;}.wp-block-kadence-tabs .kt-tabs-id464_75a1ad-34 > .kt-tabs-title-list li .kt-tab-title, .wp-block-kadence-tabs .kt-tabs-id464_75a1ad-34 > .kt-tabs-content-wrap > .kt-tabs-accordion-title .kt-tab-title{line-height:1.4em;font-weight:400;font-style:normal;text-transform:none;border-top-width:6px;border-right-width:6px;border-bottom-width:6px;border-left-width:6px;border-top-left-radius:20px;border-top-right-radius:20px;border-bottom-right-radius:20px;border-bottom-left-radius:20px;padding-top:9px;padding-right:9px;padding-bottom:9px;padding-left:9px;border-color:#bb1f09;color:#000;background:#fff;}.wp-block-kadence-tabs .kt-tabs-id464_75a1ad-34 > .kt-tabs-content-wrap > .kt-tabs-accordion-title .kt-tab-title{margin-top:7px;margin-right:7px;margin-bottom:7px;margin-left:7px;}.wp-block-kadence-tabs .kt-tabs-id464_75a1ad-34 > .kt-tabs-title-list li .kt-tab-title:hover, .wp-block-kadence-tabs .kt-tabs-id464_75a1ad-34 > .kt-tabs-content-wrap > .kt-tabs-accordion-title .kt-tab-title:hover{border-color:#6c8dab;color:#000;background:#f6b94e;}.wp-block-kadence-tabs .kt-tabs-id464_75a1ad-34 > .kt-tabs-title-list li.kt-tab-title-active .kt-tab-title, .wp-block-kadence-tabs .kt-tabs-id464_75a1ad-34 > .kt-tabs-content-wrap > .kt-tabs-accordion-title.kt-tab-title-active .kt-tab-title{border-color:#e6b25c;color:#000;background:#ffffff;}.wp-block-kadence-tabs .kt-tabs-id464_75a1ad-34{max-width:1416px;}@media all and (max-width: 1024px){.kt-tabs-id464_75a1ad-34 > .kt-tabs-content-wrap > .wp-block-kadence-tab{border-top:4px solid #af8f1b;border-right:4px solid #af8f1b;border-bottom:4px solid #af8f1b;border-left:4px solid #af8f1b;}}@media all and (max-width: 767px){.kt-tabs-id464_75a1ad-34 > .kt-tabs-content-wrap > .wp-block-kadence-tab{border-top:4px solid #af8f1b;border-right:4px solid #af8f1b;border-bottom:4px solid #af8f1b;border-left:4px solid #af8f1b;}}<\/style>\n<div class=\"wp-block-kadence-tabs aligncenter\"><div class=\"kt-tabs-wrap kt-tabs-id464_75a1ad-34 kt-tabs-has-2-tabs kt-active-tab-1 kt-tabs-layout-tabs kt-tabs-tablet-layout-inherit kt-tabs-mobile-layout-inherit kt-tab-alignment-center \"><ul class=\"kt-tabs-title-list\"><li id=\"tab-10dediciembrebrinauguracin\" class=\"kt-title-item kt-title-item-1 kt-tabs-svg-show-always kt-tabs-icon-side-right kt-tab-title-active\"><a href=\"#tab-10dediciembrebrinauguracin\" data-tab=\"1\" class=\"kt-tab-title kt-tab-title-1 \"><span class=\"kt-title-text\">10 de diciembre  <br>INAUGURACI\u00d3N<\/span><\/a><\/li><li id=\"tab-13dediciembrebrclausura\" class=\"kt-title-item kt-title-item-2 kt-tabs-svg-show-always kt-tabs-icon-side-right kt-tab-title-inactive\"><a href=\"#tab-13dediciembrebrclausura\" data-tab=\"2\" class=\"kt-tab-title kt-tab-title-2 \"><span class=\"kt-title-text\">13 de diciembre <br>CLAUSURA<\/span><\/a><\/li><\/ul><div class=\"kt-tabs-content-wrap\">\n<div class=\"wp-block-kadence-tab kt-tab-inner-content kt-inner-tab-1 kt-inner-tab518fcc-c6\"><div class=\"kt-tab-inner-content-inner\"><style>.wp-block-kadence-advancedheading.kt-adv-heading464_90bca8-4b, .wp-block-kadence-advancedheading.kt-adv-heading464_90bca8-4b[data-kb-block=\"kb-adv-heading464_90bca8-4b\"]{text-align:center;font-style:normal;}.wp-block-kadence-advancedheading.kt-adv-heading464_90bca8-4b mark.kt-highlight, .wp-block-kadence-advancedheading.kt-adv-heading464_90bca8-4b[data-kb-block=\"kb-adv-heading464_90bca8-4b\"] mark.kt-highlight{font-style:normal;color:#f76a0c;-webkit-box-decoration-break:clone;box-decoration-break:clone;padding-top:0px;padding-right:0px;padding-bottom:0px;padding-left:0px;}.wp-block-kadence-advancedheading.kt-adv-heading464_90bca8-4b img.kb-inline-image, .wp-block-kadence-advancedheading.kt-adv-heading464_90bca8-4b[data-kb-block=\"kb-adv-heading464_90bca8-4b\"] img.kb-inline-image{width:150px;vertical-align:baseline;}<\/style>\n<h2 class=\"kt-adv-heading464_90bca8-4b wp-block-kadence-advancedheading\" data-kb-block=\"kb-adv-heading464_90bca8-4b\">CONFERENCIA INAUGURAL<\/h2>\n\n\n\n<div class=\"wp-block-columns alignfull are-vertically-aligned-center is-layout-flex wp-container-core-columns-is-layout-9d6595d7 wp-block-columns-is-layout-flex\">\n<div class=\"wp-block-column is-vertically-aligned-center is-layout-flow wp-block-column-is-layout-flow\" style=\"flex-basis:100%\">\n<figure class=\"wp-block-gallery aligncenter has-nested-images columns-default is-cropped wp-block-gallery-1 is-layout-flex wp-block-gallery-is-layout-flex\"><div class=\"wp-block-image is-style-default\">\n<figure class=\"aligncenter size-full\"><img loading=\"lazy\" decoding=\"async\" width=\"1545\" height=\"2000\" data-id=\"820\" src=\"https:\/\/eime.redcimates.org\/event\/wp-content\/uploads\/2024\/11\/Conferencia-de-inicio.jpg\" alt=\"\" class=\"wp-image-820\" srcset=\"https:\/\/eime.redcimates.org\/event\/wp-content\/uploads\/2024\/11\/Conferencia-de-inicio.jpg 1545w, https:\/\/eime.redcimates.org\/event\/wp-content\/uploads\/2024\/11\/Conferencia-de-inicio-232x300.jpg 232w, https:\/\/eime.redcimates.org\/event\/wp-content\/uploads\/2024\/11\/Conferencia-de-inicio-791x1024.jpg 791w, https:\/\/eime.redcimates.org\/event\/wp-content\/uploads\/2024\/11\/Conferencia-de-inicio-768x994.jpg 768w, https:\/\/eime.redcimates.org\/event\/wp-content\/uploads\/2024\/11\/Conferencia-de-inicio-1187x1536.jpg 1187w\" sizes=\"auto, (max-width: 1545px) 100vw, 1545px\" \/><\/figure>\n<\/div><\/figure>\n<\/div>\n<\/div>\n\n\n\n<div style=\"height:31px\" aria-hidden=\"true\" class=\"wp-block-spacer\"><\/div>\n\n\n\n<hr class=\"wp-block-separator has-css-opacity\"\/>\n<\/div><\/div>\n\n\n\n<div class=\"wp-block-kadence-tab kt-tab-inner-content kt-inner-tab-2 kt-inner-tab042586-2d\"><div class=\"kt-tab-inner-content-inner\"><style>.wp-block-kadence-advancedheading.kt-adv-heading464_3ab252-98, .wp-block-kadence-advancedheading.kt-adv-heading464_3ab252-98[data-kb-block=\"kb-adv-heading464_3ab252-98\"]{text-align:center;font-style:normal;}.wp-block-kadence-advancedheading.kt-adv-heading464_3ab252-98 mark.kt-highlight, .wp-block-kadence-advancedheading.kt-adv-heading464_3ab252-98[data-kb-block=\"kb-adv-heading464_3ab252-98\"] mark.kt-highlight{font-style:normal;color:#f76a0c;-webkit-box-decoration-break:clone;box-decoration-break:clone;padding-top:0px;padding-right:0px;padding-bottom:0px;padding-left:0px;}.wp-block-kadence-advancedheading.kt-adv-heading464_3ab252-98 img.kb-inline-image, .wp-block-kadence-advancedheading.kt-adv-heading464_3ab252-98[data-kb-block=\"kb-adv-heading464_3ab252-98\"] img.kb-inline-image{width:150px;vertical-align:baseline;}<\/style>\n<h2 class=\"kt-adv-heading464_3ab252-98 wp-block-kadence-advancedheading\" data-kb-block=\"kb-adv-heading464_3ab252-98\">CONFERENCIA DE CLAUSURA<\/h2>\n\n\n\n<div class=\"wp-block-columns is-layout-flex wp-container-core-columns-is-layout-9d6595d7 wp-block-columns-is-layout-flex\">\n<div class=\"wp-block-column is-layout-flow wp-block-column-is-layout-flow\" style=\"flex-basis:100%\"><div class=\"wp-block-image is-style-default\">\n<figure class=\"aligncenter size-full\"><img loading=\"lazy\" decoding=\"async\" width=\"1545\" height=\"2000\" src=\"https:\/\/eime.redcimates.org\/event\/wp-content\/uploads\/2024\/11\/Conferencia-de-cierre.jpg\" alt=\"\" class=\"wp-image-822\" srcset=\"https:\/\/eime.redcimates.org\/event\/wp-content\/uploads\/2024\/11\/Conferencia-de-cierre.jpg 1545w, https:\/\/eime.redcimates.org\/event\/wp-content\/uploads\/2024\/11\/Conferencia-de-cierre-232x300.jpg 232w, https:\/\/eime.redcimates.org\/event\/wp-content\/uploads\/2024\/11\/Conferencia-de-cierre-791x1024.jpg 791w, https:\/\/eime.redcimates.org\/event\/wp-content\/uploads\/2024\/11\/Conferencia-de-cierre-768x994.jpg 768w, https:\/\/eime.redcimates.org\/event\/wp-content\/uploads\/2024\/11\/Conferencia-de-cierre-1187x1536.jpg 1187w\" sizes=\"auto, (max-width: 1545px) 100vw, 1545px\" \/><\/figure>\n<\/div><\/div>\n<\/div>\n\n\n\n<hr class=\"wp-block-separator has-css-opacity\"\/>\n<\/div><\/div>\n<\/div><\/div><\/div>\n","protected":false},"excerpt":{"rendered":"<p>Se considera a varios expertos en Matem\u00e1tica Educativa en ciertas tem\u00e1ticas donde a partir de su experiencia, innovaci\u00f3n, participaci\u00f3n como miembro asociado o colaboradores de la Red, comparte con la comunidad los avances y tendencias de su l\u00ednea de investigaci\u00f3n &hellip; <a href=\"https:\/\/eime.redcimates.org\/event\/conferencias-xxix\/\">Continuar<\/a><\/p>\n","protected":false},"author":1,"featured_media":0,"parent":0,"menu_order":0,"comment_status":"closed","ping_status":"closed","template":"","meta":{"kt_blocks_editor_width":"","footnotes":""},"class_list":["post-1102","page","type-page","status-publish","hentry"],"_links":{"self":[{"href":"https:\/\/eime.redcimates.org\/event\/wp-json\/wp\/v2\/pages\/1102","targetHints":{"allow":["GET"]}}],"collection":[{"href":"https:\/\/eime.redcimates.org\/event\/wp-json\/wp\/v2\/pages"}],"about":[{"href":"https:\/\/eime.redcimates.org\/event\/wp-json\/wp\/v2\/types\/page"}],"author":[{"embeddable":true,"href":"https:\/\/eime.redcimates.org\/event\/wp-json\/wp\/v2\/users\/1"}],"replies":[{"embeddable":true,"href":"https:\/\/eime.redcimates.org\/event\/wp-json\/wp\/v2\/comments?post=1102"}],"version-history":[{"count":1,"href":"https:\/\/eime.redcimates.org\/event\/wp-json\/wp\/v2\/pages\/1102\/revisions"}],"predecessor-version":[{"id":1103,"href":"https:\/\/eime.redcimates.org\/event\/wp-json\/wp\/v2\/pages\/1102\/revisions\/1103"}],"wp:attachment":[{"href":"https:\/\/eime.redcimates.org\/event\/wp-json\/wp\/v2\/media?parent=1102"}],"curies":[{"name":"wp","href":"https:\/\/api.w.org\/{rel}","templated":true}]}}