{"id":1106,"date":"2026-05-08T21:41:53","date_gmt":"2026-05-08T21:41:53","guid":{"rendered":"https:\/\/eime.redcimates.org\/event\/?page_id=1106"},"modified":"2026-05-08T21:41:54","modified_gmt":"2026-05-08T21:41:54","slug":"reportes-de-investigacion-xxix","status":"publish","type":"page","link":"https:\/\/eime.redcimates.org\/event\/reportes-de-investigacion-xxix\/","title":{"rendered":"Reportes de Investigaci\u00f3n XXIX"},"content":{"rendered":"\n<p>Esta modalidad pretende dar a conocer lo que investigadores, estudiantes y profesores de diferentes programas acad\u00e9micos, est\u00e1n realizando en la disciplina. La modalidad engloba las propuestas de Reporte de investigaci\u00f3n en torno a un objeto de estudio en Matem\u00e1tica Educativa que tiene relaci\u00f3n con la ense\u00f1anza y\/o el aprendizaje de las matem\u00e1ticas en escenarios escolares o en ambientes informales con fundamento te\u00f3rico, metodol\u00f3gico y resultados de la investigaci\u00f3n. <\/p>\n\n\n\n<figure class=\"wp-block-gallery has-nested-images columns-default is-cropped wp-block-gallery-1 is-layout-flex wp-block-gallery-is-layout-flex\">\n<figure class=\"wp-block-image size-large\"><img decoding=\"async\" data-id=\"462\" src=\"https:\/\/eime.redcimates.org\/event\/wp-content\/uploads\/2021\/12\/BLOQUE5-1.jpeg\" alt=\"\" class=\"wp-image-462\"\/><\/figure>\n\n\n\n<figure class=\"wp-block-image size-large\"><img decoding=\"async\" data-id=\"468\" src=\"https:\/\/eime.redcimates.org\/event\/wp-content\/uploads\/2021\/12\/Bloque-1-3-12-20-1024x640.png\" alt=\"\" class=\"wp-image-468\"\/><\/figure>\n\n\n\n<figure class=\"wp-block-image size-large\"><img decoding=\"async\" data-id=\"464\" src=\"https:\/\/eime.redcimates.org\/event\/wp-content\/uploads\/2021\/12\/Bloque-4-3-12-20-1024x640.png\" alt=\"\" class=\"wp-image-464\"\/><\/figure>\n\n\n\n<figure class=\"wp-block-image size-large\"><img decoding=\"async\" data-id=\"465\" src=\"https:\/\/eime.redcimates.org\/event\/wp-content\/uploads\/2021\/12\/Bloque-5-1024x640.png\" alt=\"\" class=\"wp-image-465\"\/><\/figure>\n\n\n\n<figure class=\"wp-block-image size-large\"><img decoding=\"async\" data-id=\"467\" src=\"https:\/\/eime.redcimates.org\/event\/wp-content\/uploads\/2021\/12\/Bloque-6-1024x640.png\" alt=\"\" class=\"wp-image-467\"\/><\/figure>\n<\/figure>\n\n\n<style>.wp-block-kadence-advancedheading.kt-adv-heading397_121fb1-21, .wp-block-kadence-advancedheading.kt-adv-heading397_121fb1-21[data-kb-block=\"kb-adv-heading397_121fb1-21\"]{font-style:normal;}.wp-block-kadence-advancedheading.kt-adv-heading397_121fb1-21 mark.kt-highlight, .wp-block-kadence-advancedheading.kt-adv-heading397_121fb1-21[data-kb-block=\"kb-adv-heading397_121fb1-21\"] mark.kt-highlight{font-style:normal;color:#f76a0c;-webkit-box-decoration-break:clone;box-decoration-break:clone;padding-top:0px;padding-right:0px;padding-bottom:0px;padding-left:0px;}.wp-block-kadence-advancedheading.kt-adv-heading397_121fb1-21 img.kb-inline-image, .wp-block-kadence-advancedheading.kt-adv-heading397_121fb1-21[data-kb-block=\"kb-adv-heading397_121fb1-21\"] img.kb-inline-image{width:150px;vertical-align:baseline;}<\/style>\n<h3 class=\"kt-adv-heading397_121fb1-21 wp-block-kadence-advancedheading\" data-kb-block=\"kb-adv-heading397_121fb1-21\">Descargue aqu\u00ed plantilla de presentaci\u00f3n<\/h3>\n\n\n\n<div class=\"wp-block-file\"><a id=\"wp-block-file--media-3d52a268-c4b3-474e-af2e-bb356f7dcb80\" href=\"https:\/\/eime.redcimates.org\/event\/wp-content\/uploads\/2024\/11\/Plantilla-Base-EIME27.pptx\">Plantilla-Base-EIME27<\/a><a href=\"https:\/\/eime.redcimates.org\/event\/wp-content\/uploads\/2024\/11\/Plantilla-Base-EIME27.pptx\" class=\"wp-block-file__button wp-element-button\" download aria-describedby=\"wp-block-file--media-3d52a268-c4b3-474e-af2e-bb356f7dcb80\">Descarga<\/a><\/div>\n","protected":false},"excerpt":{"rendered":"<p>Esta modalidad pretende dar a conocer lo que investigadores, estudiantes y profesores de diferentes programas acad\u00e9micos, est\u00e1n realizando en la disciplina. La modalidad engloba las propuestas de Reporte de investigaci\u00f3n en torno a un objeto de estudio en Matem\u00e1tica Educativa &hellip; <a href=\"https:\/\/eime.redcimates.org\/event\/reportes-de-investigacion-xxix\/\">Continuar<\/a><\/p>\n","protected":false},"author":1,"featured_media":0,"parent":0,"menu_order":0,"comment_status":"closed","ping_status":"closed","template":"","meta":{"kt_blocks_editor_width":"","footnotes":""},"class_list":["post-1106","page","type-page","status-publish","hentry"],"_links":{"self":[{"href":"https:\/\/eime.redcimates.org\/event\/wp-json\/wp\/v2\/pages\/1106","targetHints":{"allow":["GET"]}}],"collection":[{"href":"https:\/\/eime.redcimates.org\/event\/wp-json\/wp\/v2\/pages"}],"about":[{"href":"https:\/\/eime.redcimates.org\/event\/wp-json\/wp\/v2\/types\/page"}],"author":[{"embeddable":true,"href":"https:\/\/eime.redcimates.org\/event\/wp-json\/wp\/v2\/users\/1"}],"replies":[{"embeddable":true,"href":"https:\/\/eime.redcimates.org\/event\/wp-json\/wp\/v2\/comments?post=1106"}],"version-history":[{"count":1,"href":"https:\/\/eime.redcimates.org\/event\/wp-json\/wp\/v2\/pages\/1106\/revisions"}],"predecessor-version":[{"id":1107,"href":"https:\/\/eime.redcimates.org\/event\/wp-json\/wp\/v2\/pages\/1106\/revisions\/1107"}],"wp:attachment":[{"href":"https:\/\/eime.redcimates.org\/event\/wp-json\/wp\/v2\/media?parent=1106"}],"curies":[{"name":"wp","href":"https:\/\/api.w.org\/{rel}","templated":true}]}}