{"id":1110,"date":"2026-05-08T21:43:37","date_gmt":"2026-05-08T21:43:37","guid":{"rendered":"https:\/\/eime.redcimates.org\/event\/?page_id=1110"},"modified":"2026-05-08T21:43:38","modified_gmt":"2026-05-08T21:43:38","slug":"experiencias-didacticas-xxix","status":"publish","type":"page","link":"https:\/\/eime.redcimates.org\/event\/experiencias-didacticas-xxix\/","title":{"rendered":"Experiencias Did\u00e1cticas XXIX"},"content":{"rendered":"\n<p>Esta modalidad pretende dar a conocer lo que investigadores, estudiantes y profesores de diferentes programas acad\u00e9micos, est\u00e1n realizando en la disciplina. La modalidad engloba las propuestas de Experiencias did\u00e1cticas relacionadas con la ense\u00f1anza y\/o el aprendizaje de las matem\u00e1ticas en escenarios escolares o en ambientes informales a partir del dise\u00f1o e implementaci\u00f3n de recursos did\u00e1cticos. <\/p>\n\n\n<style>.wp-block-kadence-advancedheading.kt-adv-heading452_be6136-51, .wp-block-kadence-advancedheading.kt-adv-heading452_be6136-51[data-kb-block=\"kb-adv-heading452_be6136-51\"]{font-style:normal;}.wp-block-kadence-advancedheading.kt-adv-heading452_be6136-51 mark.kt-highlight, .wp-block-kadence-advancedheading.kt-adv-heading452_be6136-51[data-kb-block=\"kb-adv-heading452_be6136-51\"] mark.kt-highlight{font-style:normal;color:#f76a0c;-webkit-box-decoration-break:clone;box-decoration-break:clone;padding-top:0px;padding-right:0px;padding-bottom:0px;padding-left:0px;}.wp-block-kadence-advancedheading.kt-adv-heading452_be6136-51 img.kb-inline-image, .wp-block-kadence-advancedheading.kt-adv-heading452_be6136-51[data-kb-block=\"kb-adv-heading452_be6136-51\"] img.kb-inline-image{width:150px;vertical-align:baseline;}<\/style>\n<h3 class=\"kt-adv-heading452_be6136-51 wp-block-kadence-advancedheading\" data-kb-block=\"kb-adv-heading452_be6136-51\">Descargue aqu\u00ed plantilla de presentaci\u00f3n<\/h3>\n\n\n\n<figure class=\"wp-block-gallery has-nested-images columns-default is-cropped wp-block-gallery-1 is-layout-flex wp-block-gallery-is-layout-flex\">\n<figure class=\"wp-block-image size-large\"><img decoding=\"async\" data-id=\"478\" src=\"https:\/\/eime.redcimates.org\/event\/wp-content\/uploads\/2021\/12\/WhatsApp-Image-2020-12-04-at-12.02.38-1-1024x576.jpeg\" alt=\"\" class=\"wp-image-478\"\/><\/figure>\n\n\n\n<figure class=\"wp-block-image size-large\"><img decoding=\"async\" data-id=\"480\" src=\"https:\/\/eime.redcimates.org\/event\/wp-content\/uploads\/2021\/12\/SEMCRIIS2-1024x576.jpeg\" alt=\"\" class=\"wp-image-480\"\/><\/figure>\n\n\n\n<figure class=\"wp-block-image size-large\"><img decoding=\"async\" data-id=\"481\" src=\"https:\/\/eime.redcimates.org\/event\/wp-content\/uploads\/2021\/12\/SEMCRISIS1-1024x576.jpeg\" alt=\"\" class=\"wp-image-481\"\/><\/figure>\n\n\n\n<figure class=\"wp-block-image size-large\"><img decoding=\"async\" data-id=\"484\" src=\"https:\/\/eime.redcimates.org\/event\/wp-content\/uploads\/2021\/12\/Bloque-3-3-12-20-1-1024x640.png\" alt=\"\" class=\"wp-image-484\"\/><\/figure>\n\n\n\n<figure class=\"wp-block-image size-large\"><img decoding=\"async\" data-id=\"488\" src=\"https:\/\/eime.redcimates.org\/event\/wp-content\/uploads\/2021\/12\/Captura-de-Pantalla-2020-12-04-a-las-15.53.07.png\" alt=\"\" class=\"wp-image-488\"\/><\/figure>\n<\/figure>\n\n\n\n<div class=\"wp-block-file\"><a id=\"wp-block-file--media-f5772aac-c3a1-40be-be6f-7b00187b4d2e\" href=\"https:\/\/eime.redcimates.org\/event\/wp-content\/uploads\/2024\/11\/Plantilla-Base-EIME27-1.pptx\">Plantilla-Base-EIME27<\/a><a href=\"https:\/\/eime.redcimates.org\/event\/wp-content\/uploads\/2024\/11\/Plantilla-Base-EIME27-1.pptx\" class=\"wp-block-file__button wp-element-button\" download aria-describedby=\"wp-block-file--media-f5772aac-c3a1-40be-be6f-7b00187b4d2e\">Descarga<\/a><\/div>\n\n\n\n<p><\/p>\n","protected":false},"excerpt":{"rendered":"<p>Esta modalidad pretende dar a conocer lo que investigadores, estudiantes y profesores de diferentes programas acad\u00e9micos, est\u00e1n realizando en la disciplina. La modalidad engloba las propuestas de Experiencias did\u00e1cticas relacionadas con la ense\u00f1anza y\/o el aprendizaje de las matem\u00e1ticas en &hellip; <a href=\"https:\/\/eime.redcimates.org\/event\/experiencias-didacticas-xxix\/\">Continuar<\/a><\/p>\n","protected":false},"author":1,"featured_media":0,"parent":0,"menu_order":0,"comment_status":"closed","ping_status":"closed","template":"","meta":{"kt_blocks_editor_width":"","footnotes":""},"class_list":["post-1110","page","type-page","status-publish","hentry"],"_links":{"self":[{"href":"https:\/\/eime.redcimates.org\/event\/wp-json\/wp\/v2\/pages\/1110","targetHints":{"allow":["GET"]}}],"collection":[{"href":"https:\/\/eime.redcimates.org\/event\/wp-json\/wp\/v2\/pages"}],"about":[{"href":"https:\/\/eime.redcimates.org\/event\/wp-json\/wp\/v2\/types\/page"}],"author":[{"embeddable":true,"href":"https:\/\/eime.redcimates.org\/event\/wp-json\/wp\/v2\/users\/1"}],"replies":[{"embeddable":true,"href":"https:\/\/eime.redcimates.org\/event\/wp-json\/wp\/v2\/comments?post=1110"}],"version-history":[{"count":1,"href":"https:\/\/eime.redcimates.org\/event\/wp-json\/wp\/v2\/pages\/1110\/revisions"}],"predecessor-version":[{"id":1111,"href":"https:\/\/eime.redcimates.org\/event\/wp-json\/wp\/v2\/pages\/1110\/revisions\/1111"}],"wp:attachment":[{"href":"https:\/\/eime.redcimates.org\/event\/wp-json\/wp\/v2\/media?parent=1110"}],"curies":[{"name":"wp","href":"https:\/\/api.w.org\/{rel}","templated":true}]}}