{"id":1112,"date":"2026-05-08T21:45:04","date_gmt":"2026-05-08T21:45:04","guid":{"rendered":"https:\/\/eime.redcimates.org\/event\/?page_id=1112"},"modified":"2026-05-08T21:45:06","modified_gmt":"2026-05-08T21:45:06","slug":"laboratorios-xxix","status":"publish","type":"page","link":"https:\/\/eime.redcimates.org\/event\/laboratorios-xxix\/","title":{"rendered":"Laboratorios XXIX"},"content":{"rendered":"\n<p>Son un espacio de interacci\u00f3n, difusi\u00f3n e intercambio acad\u00e9mico respetuoso entre estudiantes, docentes y especialistas y quienes comparten el inter\u00e9s por la Matem\u00e1tica Educativa. Los laboratorios ponen en escena reflexiones te\u00f3rico-metodol\u00f3gicas y dise\u00f1os did\u00e1cticos con la intenci\u00f3n de compartirlas, discutirlas, experimentarlas y evaluarlas colectivamente.&nbsp;<\/p>\n\n\n\n<p>Durante el evento se tienen programadas dos sesiones en las cu\u00e1les se espera que los asistentes tengan la oportunidad de: experimentar, analizar y reflexionar sobre los objetivos, alcances, pertinencia, sustento te\u00f3rico y resultados de las actividades que se propongan.&nbsp;<\/p>\n\n\n<style>.wp-block-kadence-advancedgallery .kb-gallery-type-masonry.kb-gallery-id-438_5df42d-98{margin:-5px;}.kb-gallery-type-masonry.kb-gallery-id-438_5df42d-98 .kadence-blocks-gallery-item{padding:5px;}.kb-gallery-id-438_5df42d-98 .kadence-blocks-gallery-item .kb-gal-image-radius, .kb-gallery-id-438_5df42d-98 .kb-slide-item .kb-gal-image-radius img{border-radius:0px 0px 0px 0px;;}<\/style><div class=\"kb-gallery-wrap-id-438_5df42d-98 alignnone wp-block-kadence-advancedgallery\"><ul class=\"kb-gallery-ul kb-gallery-non-static kb-gallery-type-masonry kb-masonry-init kb-gallery-id-438_5df42d-98 kb-gallery-caption-style-bottom-hover kb-gallery-filter-none\" data-image-filter=\"none\" data-item-selector=\".kadence-blocks-gallery-item\" data-lightbox-caption=\"true\" data-columns-xxl=\"3\" data-columns-xl=\"3\" data-columns-md=\"3\" data-columns-sm=\"2\" data-columns-xs=\"1\" data-columns-ss=\"1\"><li class=\"kadence-blocks-gallery-item\" tabindex=\"0\"><div class=\"kadence-blocks-gallery-item-inner\"><figure class=\"kb-gallery-figure kadence-blocks-gallery-item-hide-caption\"><div class=\"kb-gal-image-radius\" style=\"max-width:791px;\"><div class=\"kb-gallery-image-contain kadence-blocks-gallery-intrinsic\" style=\"padding-bottom:129%;\"><img loading=\"lazy\" decoding=\"async\" src=\"https:\/\/eime.redcimates.org\/event\/wp-content\/uploads\/2024\/11\/Laboratorio-Atenea-791x1024.jpg\" width=\"791\" height=\"1024\" alt=\"\" data-full-image=\"https:\/\/eime.redcimates.org\/event\/wp-content\/uploads\/2024\/11\/Laboratorio-Atenea.jpg\" data-light-image=\"https:\/\/eime.redcimates.org\/event\/wp-content\/uploads\/2024\/11\/Laboratorio-Atenea.jpg\" data-id=\"888\" class=\"wp-image-888\" srcset=\"https:\/\/eime.redcimates.org\/event\/wp-content\/uploads\/2024\/11\/Laboratorio-Atenea-791x1024.jpg 791w, https:\/\/eime.redcimates.org\/event\/wp-content\/uploads\/2024\/11\/Laboratorio-Atenea-232x300.jpg 232w, https:\/\/eime.redcimates.org\/event\/wp-content\/uploads\/2024\/11\/Laboratorio-Atenea-768x994.jpg 768w, https:\/\/eime.redcimates.org\/event\/wp-content\/uploads\/2024\/11\/Laboratorio-Atenea-1187x1536.jpg 1187w, https:\/\/eime.redcimates.org\/event\/wp-content\/uploads\/2024\/11\/Laboratorio-Atenea.jpg 1275w\" sizes=\"auto, (max-width: 791px) 100vw, 791px\" \/><\/div><\/div><\/figure><\/div><\/li><li class=\"kadence-blocks-gallery-item\" tabindex=\"0\"><div class=\"kadence-blocks-gallery-item-inner\"><figure class=\"kb-gallery-figure kadence-blocks-gallery-item-hide-caption\"><div class=\"kb-gal-image-radius\" style=\"max-width:791px;\"><div class=\"kb-gallery-image-contain kadence-blocks-gallery-intrinsic\" style=\"padding-bottom:129%;\"><img loading=\"lazy\" decoding=\"async\" src=\"https:\/\/eime.redcimates.org\/event\/wp-content\/uploads\/2024\/11\/Laboratorio-CASIO-Ponce-791x1024.jpg\" width=\"791\" height=\"1024\" alt=\"\" data-full-image=\"https:\/\/eime.redcimates.org\/event\/wp-content\/uploads\/2024\/11\/Laboratorio-CASIO-Ponce.jpg\" data-light-image=\"https:\/\/eime.redcimates.org\/event\/wp-content\/uploads\/2024\/11\/Laboratorio-CASIO-Ponce.jpg\" data-id=\"889\" class=\"wp-image-889\" srcset=\"https:\/\/eime.redcimates.org\/event\/wp-content\/uploads\/2024\/11\/Laboratorio-CASIO-Ponce-791x1024.jpg 791w, https:\/\/eime.redcimates.org\/event\/wp-content\/uploads\/2024\/11\/Laboratorio-CASIO-Ponce-232x300.jpg 232w, https:\/\/eime.redcimates.org\/event\/wp-content\/uploads\/2024\/11\/Laboratorio-CASIO-Ponce-768x994.jpg 768w, https:\/\/eime.redcimates.org\/event\/wp-content\/uploads\/2024\/11\/Laboratorio-CASIO-Ponce-1187x1536.jpg 1187w, https:\/\/eime.redcimates.org\/event\/wp-content\/uploads\/2024\/11\/Laboratorio-CASIO-Ponce.jpg 1275w\" sizes=\"auto, (max-width: 791px) 100vw, 791px\" \/><\/div><\/div><\/figure><\/div><\/li><li class=\"kadence-blocks-gallery-item\" tabindex=\"0\"><div class=\"kadence-blocks-gallery-item-inner\"><figure class=\"kb-gallery-figure kadence-blocks-gallery-item-hide-caption\"><div class=\"kb-gal-image-radius\" style=\"max-width:791px;\"><div class=\"kb-gallery-image-contain kadence-blocks-gallery-intrinsic\" style=\"padding-bottom:129%;\"><img loading=\"lazy\" decoding=\"async\" src=\"https:\/\/eime.redcimates.org\/event\/wp-content\/uploads\/2024\/11\/Laboratorio-Guerrero-791x1024.jpg\" width=\"791\" height=\"1024\" alt=\"\" data-full-image=\"https:\/\/eime.redcimates.org\/event\/wp-content\/uploads\/2024\/11\/Laboratorio-Guerrero.jpg\" data-light-image=\"https:\/\/eime.redcimates.org\/event\/wp-content\/uploads\/2024\/11\/Laboratorio-Guerrero.jpg\" data-id=\"890\" class=\"wp-image-890\" srcset=\"https:\/\/eime.redcimates.org\/event\/wp-content\/uploads\/2024\/11\/Laboratorio-Guerrero-791x1024.jpg 791w, https:\/\/eime.redcimates.org\/event\/wp-content\/uploads\/2024\/11\/Laboratorio-Guerrero-232x300.jpg 232w, https:\/\/eime.redcimates.org\/event\/wp-content\/uploads\/2024\/11\/Laboratorio-Guerrero-768x994.jpg 768w, https:\/\/eime.redcimates.org\/event\/wp-content\/uploads\/2024\/11\/Laboratorio-Guerrero-1187x1536.jpg 1187w, https:\/\/eime.redcimates.org\/event\/wp-content\/uploads\/2024\/11\/Laboratorio-Guerrero.jpg 1275w\" sizes=\"auto, (max-width: 791px) 100vw, 791px\" \/><\/div><\/div><\/figure><\/div><\/li><li class=\"kadence-blocks-gallery-item\" tabindex=\"0\"><div class=\"kadence-blocks-gallery-item-inner\"><figure class=\"kb-gallery-figure kadence-blocks-gallery-item-hide-caption\"><div class=\"kb-gal-image-radius\" style=\"max-width:791px;\"><div class=\"kb-gallery-image-contain kadence-blocks-gallery-intrinsic\" style=\"padding-bottom:129%;\"><img loading=\"lazy\" decoding=\"async\" src=\"https:\/\/eime.redcimates.org\/event\/wp-content\/uploads\/2024\/11\/Laboratorio-Magali-791x1024.jpg\" width=\"791\" height=\"1024\" alt=\"\" data-full-image=\"https:\/\/eime.redcimates.org\/event\/wp-content\/uploads\/2024\/11\/Laboratorio-Magali.jpg\" data-light-image=\"https:\/\/eime.redcimates.org\/event\/wp-content\/uploads\/2024\/11\/Laboratorio-Magali.jpg\" data-id=\"892\" class=\"wp-image-892\" srcset=\"https:\/\/eime.redcimates.org\/event\/wp-content\/uploads\/2024\/11\/Laboratorio-Magali-791x1024.jpg 791w, https:\/\/eime.redcimates.org\/event\/wp-content\/uploads\/2024\/11\/Laboratorio-Magali-232x300.jpg 232w, https:\/\/eime.redcimates.org\/event\/wp-content\/uploads\/2024\/11\/Laboratorio-Magali-768x994.jpg 768w, https:\/\/eime.redcimates.org\/event\/wp-content\/uploads\/2024\/11\/Laboratorio-Magali-1187x1536.jpg 1187w, https:\/\/eime.redcimates.org\/event\/wp-content\/uploads\/2024\/11\/Laboratorio-Magali.jpg 1275w\" sizes=\"auto, (max-width: 791px) 100vw, 791px\" \/><\/div><\/div><\/figure><\/div><\/li><li class=\"kadence-blocks-gallery-item\" tabindex=\"0\"><div class=\"kadence-blocks-gallery-item-inner\"><figure class=\"kb-gallery-figure kadence-blocks-gallery-item-hide-caption\"><div class=\"kb-gal-image-radius\" style=\"max-width:791px;\"><div class=\"kb-gallery-image-contain kadence-blocks-gallery-intrinsic\" style=\"padding-bottom:129%;\"><img loading=\"lazy\" decoding=\"async\" src=\"https:\/\/eime.redcimates.org\/event\/wp-content\/uploads\/2024\/11\/Laboratorio-Moises-Miguel-791x1024.jpg\" width=\"791\" height=\"1024\" alt=\"\" data-full-image=\"https:\/\/eime.redcimates.org\/event\/wp-content\/uploads\/2024\/11\/Laboratorio-Moises-Miguel.jpg\" data-light-image=\"https:\/\/eime.redcimates.org\/event\/wp-content\/uploads\/2024\/11\/Laboratorio-Moises-Miguel.jpg\" data-id=\"893\" class=\"wp-image-893\" srcset=\"https:\/\/eime.redcimates.org\/event\/wp-content\/uploads\/2024\/11\/Laboratorio-Moises-Miguel-791x1024.jpg 791w, https:\/\/eime.redcimates.org\/event\/wp-content\/uploads\/2024\/11\/Laboratorio-Moises-Miguel-232x300.jpg 232w, https:\/\/eime.redcimates.org\/event\/wp-content\/uploads\/2024\/11\/Laboratorio-Moises-Miguel-768x994.jpg 768w, https:\/\/eime.redcimates.org\/event\/wp-content\/uploads\/2024\/11\/Laboratorio-Moises-Miguel-1187x1536.jpg 1187w, https:\/\/eime.redcimates.org\/event\/wp-content\/uploads\/2024\/11\/Laboratorio-Moises-Miguel.jpg 1275w\" sizes=\"auto, (max-width: 791px) 100vw, 791px\" \/><\/div><\/div><\/figure><\/div><\/li><li class=\"kadence-blocks-gallery-item\" tabindex=\"0\"><div class=\"kadence-blocks-gallery-item-inner\"><figure class=\"kb-gallery-figure kadence-blocks-gallery-item-hide-caption\"><div class=\"kb-gal-image-radius\" style=\"max-width:791px;\"><div class=\"kb-gallery-image-contain kadence-blocks-gallery-intrinsic\" style=\"padding-bottom:129%;\"><img loading=\"lazy\" decoding=\"async\" src=\"https:\/\/eime.redcimates.org\/event\/wp-content\/uploads\/2024\/11\/Laboratorio-Yuridia-791x1024.jpg\" width=\"791\" height=\"1024\" alt=\"\" data-full-image=\"https:\/\/eime.redcimates.org\/event\/wp-content\/uploads\/2024\/11\/Laboratorio-Yuridia.jpg\" data-light-image=\"https:\/\/eime.redcimates.org\/event\/wp-content\/uploads\/2024\/11\/Laboratorio-Yuridia.jpg\" data-id=\"894\" class=\"wp-image-894\" srcset=\"https:\/\/eime.redcimates.org\/event\/wp-content\/uploads\/2024\/11\/Laboratorio-Yuridia-791x1024.jpg 791w, https:\/\/eime.redcimates.org\/event\/wp-content\/uploads\/2024\/11\/Laboratorio-Yuridia-232x300.jpg 232w, https:\/\/eime.redcimates.org\/event\/wp-content\/uploads\/2024\/11\/Laboratorio-Yuridia-768x994.jpg 768w, https:\/\/eime.redcimates.org\/event\/wp-content\/uploads\/2024\/11\/Laboratorio-Yuridia-1187x1536.jpg 1187w, https:\/\/eime.redcimates.org\/event\/wp-content\/uploads\/2024\/11\/Laboratorio-Yuridia.jpg 1275w\" sizes=\"auto, (max-width: 791px) 100vw, 791px\" \/><\/div><\/div><\/figure><\/div><\/li><li class=\"kadence-blocks-gallery-item\" tabindex=\"0\"><div class=\"kadence-blocks-gallery-item-inner\"><figure class=\"kb-gallery-figure kadence-blocks-gallery-item-hide-caption\"><div class=\"kb-gal-image-radius\" style=\"max-width:791px;\"><div class=\"kb-gallery-image-contain kadence-blocks-gallery-intrinsic\" style=\"padding-bottom:129%;\"><img loading=\"lazy\" decoding=\"async\" src=\"https:\/\/eime.redcimates.org\/event\/wp-content\/uploads\/2024\/11\/Laboratorio-Zuniga-791x1024.jpg\" width=\"791\" height=\"1024\" alt=\"\" data-full-image=\"https:\/\/eime.redcimates.org\/event\/wp-content\/uploads\/2024\/11\/Laboratorio-Zuniga.jpg\" data-light-image=\"https:\/\/eime.redcimates.org\/event\/wp-content\/uploads\/2024\/11\/Laboratorio-Zuniga.jpg\" data-id=\"895\" class=\"wp-image-895\" srcset=\"https:\/\/eime.redcimates.org\/event\/wp-content\/uploads\/2024\/11\/Laboratorio-Zuniga-791x1024.jpg 791w, https:\/\/eime.redcimates.org\/event\/wp-content\/uploads\/2024\/11\/Laboratorio-Zuniga-232x300.jpg 232w, https:\/\/eime.redcimates.org\/event\/wp-content\/uploads\/2024\/11\/Laboratorio-Zuniga-768x994.jpg 768w, https:\/\/eime.redcimates.org\/event\/wp-content\/uploads\/2024\/11\/Laboratorio-Zuniga-1187x1536.jpg 1187w, https:\/\/eime.redcimates.org\/event\/wp-content\/uploads\/2024\/11\/Laboratorio-Zuniga.jpg 1275w\" sizes=\"auto, (max-width: 791px) 100vw, 791px\" \/><\/div><\/div><\/figure><\/div><\/li><\/ul><\/div>\n\n<style>.wp-block-kadence-advancedheading.kt-adv-heading438_5ae803-76, .wp-block-kadence-advancedheading.kt-adv-heading438_5ae803-76[data-kb-block=\"kb-adv-heading438_5ae803-76\"]{text-align:center;font-style:normal;}.wp-block-kadence-advancedheading.kt-adv-heading438_5ae803-76 mark.kt-highlight, .wp-block-kadence-advancedheading.kt-adv-heading438_5ae803-76[data-kb-block=\"kb-adv-heading438_5ae803-76\"] mark.kt-highlight{font-style:normal;color:#f76a0c;-webkit-box-decoration-break:clone;box-decoration-break:clone;padding-top:0px;padding-right:0px;padding-bottom:0px;padding-left:0px;}.wp-block-kadence-advancedheading.kt-adv-heading438_5ae803-76 img.kb-inline-image, .wp-block-kadence-advancedheading.kt-adv-heading438_5ae803-76[data-kb-block=\"kb-adv-heading438_5ae803-76\"] img.kb-inline-image{width:150px;vertical-align:baseline;}<\/style>\n<h2 class=\"kt-adv-heading438_5ae803-76 wp-block-kadence-advancedheading\" data-kb-block=\"kb-adv-heading438_5ae803-76\"><\/h2>\n\n\n<style>.wp-block-kadence-advancedheading.kt-adv-heading438_eda589-85, .wp-block-kadence-advancedheading.kt-adv-heading438_eda589-85[data-kb-block=\"kb-adv-heading438_eda589-85\"]{text-align:right;font-size:22px;line-height:35px;font-style:normal;font-family:Helvetica, sans-serif;letter-spacing:0.6px;}.wp-block-kadence-advancedheading.kt-adv-heading438_eda589-85 mark.kt-highlight, .wp-block-kadence-advancedheading.kt-adv-heading438_eda589-85[data-kb-block=\"kb-adv-heading438_eda589-85\"] mark.kt-highlight{font-style:normal;color:#f76a0c;-webkit-box-decoration-break:clone;box-decoration-break:clone;padding-top:0px;padding-right:0px;padding-bottom:0px;padding-left:0px;}.wp-block-kadence-advancedheading.kt-adv-heading438_eda589-85 img.kb-inline-image, .wp-block-kadence-advancedheading.kt-adv-heading438_eda589-85[data-kb-block=\"kb-adv-heading438_eda589-85\"] img.kb-inline-image{width:150px;vertical-align:baseline;}<\/style>\n<h2 class=\"kt-adv-heading438_eda589-85 wp-block-kadence-advancedheading has-black-color has-text-color\" data-kb-block=\"kb-adv-heading438_eda589-85\"><mark style=\"background-color:rgba(0, 0, 0, 0)\" class=\"has-inline-color has-black-color\"><strong>Descarga aqu\u00ed la plantilla de presentaci\u00f3n<\/strong>:<\/mark> <\/h2>\n\n\n\n<div class=\"wp-block-file alignright\"><a id=\"wp-block-file--media-8874902b-b51f-4a6c-affd-f37850068e55\" href=\"https:\/\/eime.redcimates.org\/event\/wp-content\/uploads\/2024\/11\/Plantilla-Base-EIME27.pptx\">Plantilla-Base-EIME27<\/a><a href=\"https:\/\/eime.redcimates.org\/event\/wp-content\/uploads\/2024\/11\/Plantilla-Base-EIME27.pptx\" class=\"wp-block-file__button wp-element-button\" download aria-describedby=\"wp-block-file--media-8874902b-b51f-4a6c-affd-f37850068e55\">Descarga<\/a><\/div>\n\n\n\n<p><\/p>\n\n\n\n<p><\/p>\n","protected":false},"excerpt":{"rendered":"<p>Son un espacio de interacci\u00f3n, difusi\u00f3n e intercambio acad\u00e9mico respetuoso entre estudiantes, docentes y especialistas y quienes comparten el inter\u00e9s por la Matem\u00e1tica Educativa. Los laboratorios ponen en escena reflexiones te\u00f3rico-metodol\u00f3gicas y dise\u00f1os did\u00e1cticos con la intenci\u00f3n de compartirlas, discutirlas, &hellip; <a href=\"https:\/\/eime.redcimates.org\/event\/laboratorios-xxix\/\">Continuar<\/a><\/p>\n","protected":false},"author":1,"featured_media":0,"parent":0,"menu_order":0,"comment_status":"closed","ping_status":"closed","template":"","meta":{"kt_blocks_editor_width":"","footnotes":""},"class_list":["post-1112","page","type-page","status-publish","hentry"],"_links":{"self":[{"href":"https:\/\/eime.redcimates.org\/event\/wp-json\/wp\/v2\/pages\/1112","targetHints":{"allow":["GET"]}}],"collection":[{"href":"https:\/\/eime.redcimates.org\/event\/wp-json\/wp\/v2\/pages"}],"about":[{"href":"https:\/\/eime.redcimates.org\/event\/wp-json\/wp\/v2\/types\/page"}],"author":[{"embeddable":true,"href":"https:\/\/eime.redcimates.org\/event\/wp-json\/wp\/v2\/users\/1"}],"replies":[{"embeddable":true,"href":"https:\/\/eime.redcimates.org\/event\/wp-json\/wp\/v2\/comments?post=1112"}],"version-history":[{"count":1,"href":"https:\/\/eime.redcimates.org\/event\/wp-json\/wp\/v2\/pages\/1112\/revisions"}],"predecessor-version":[{"id":1113,"href":"https:\/\/eime.redcimates.org\/event\/wp-json\/wp\/v2\/pages\/1112\/revisions\/1113"}],"wp:attachment":[{"href":"https:\/\/eime.redcimates.org\/event\/wp-json\/wp\/v2\/media?parent=1112"}],"curies":[{"name":"wp","href":"https:\/\/api.w.org\/{rel}","templated":true}]}}