{"id":1120,"date":"2026-05-08T23:11:30","date_gmt":"2026-05-08T23:11:30","guid":{"rendered":"https:\/\/eime.redcimates.org\/event\/?page_id=1120"},"modified":"2026-05-08T23:11:32","modified_gmt":"2026-05-08T23:11:32","slug":"grupos-tematicos-xxix","status":"publish","type":"page","link":"https:\/\/eime.redcimates.org\/event\/grupos-tematicos-xxix\/","title":{"rendered":"Grupos Tem\u00e1ticos XXIX"},"content":{"rendered":"\n<p>Bajo esta modalidad se fomenta la reuni\u00f3n con especialistas que se proponen para coordinar un grupo de debate y reflexi\u00f3n acerca de una tem\u00e1tica de inter\u00e9s para la comunidad, buscando analizar y contextualizar problem\u00e1ticas espec\u00edficas de la disciplina, tendencias de investigaci\u00f3n, paradigmas, innovaciones, entre otras.&nbsp;&nbsp;<\/p>\n\n\n\n<p>Los grupos contar\u00e1n con dos sesiones de dos horas de duraci\u00f3n cada una, se espera que los asistentes intervengan con preguntas, nuevos aportes, discutan y reflexionen ideas acerca del t\u00f3pico de inter\u00e9s.&nbsp;<\/p>\n\n\n\n<p>Especialistas y colegas que se interesen en participar en esta modalidad podr\u00e1n enviar sus propuestas tem\u00e1ticas a fin de conformar una oferta diversa de grupos que se presentar\u00e1n en esta XXVI EIME<\/p>\n\n\n\n<figure class=\"wp-block-table\"><table><tbody><tr><td><\/td><\/tr><\/tbody><\/table><\/figure>\n\n\n<style>.wp-block-kadence-advancedheading.kt-adv-heading446_167f2f-18, .wp-block-kadence-advancedheading.kt-adv-heading446_167f2f-18[data-kb-block=\"kb-adv-heading446_167f2f-18\"]{font-style:normal;}.wp-block-kadence-advancedheading.kt-adv-heading446_167f2f-18 mark.kt-highlight, .wp-block-kadence-advancedheading.kt-adv-heading446_167f2f-18[data-kb-block=\"kb-adv-heading446_167f2f-18\"] mark.kt-highlight{font-style:normal;color:#f76a0c;-webkit-box-decoration-break:clone;box-decoration-break:clone;padding-top:0px;padding-right:0px;padding-bottom:0px;padding-left:0px;}.wp-block-kadence-advancedheading.kt-adv-heading446_167f2f-18 img.kb-inline-image, .wp-block-kadence-advancedheading.kt-adv-heading446_167f2f-18[data-kb-block=\"kb-adv-heading446_167f2f-18\"] img.kb-inline-image{width:150px;vertical-align:baseline;}<\/style>\n<h2 class=\"kt-adv-heading446_167f2f-18 wp-block-kadence-advancedheading\" data-kb-block=\"kb-adv-heading446_167f2f-18\">Mi\u00e9rcoles 11 de17:30 a 19:00 y Jueves 12 de 12:30 a 14:30<\/h2>\n\n\n<style>.kt-tabs-id446_9691c5-1d > .kt-tabs-content-wrap > .wp-block-kadence-tab{border-top:1px solid var(u002du002dglobal-palette7, #eeeeee);border-right:0px solid var(u002du002dglobal-palette7, #eeeeee);border-bottom:0px solid var(u002du002dglobal-palette7, #eeeeee);border-left:0px solid var(u002du002dglobal-palette7, #eeeeee);border-top-left-radius:0px;border-top-right-radius:0px;border-bottom-right-radius:0px;border-bottom-left-radius:0px;padding-top:var(--global-kb-spacing-sm, 1.5rem);padding-right:var(--global-kb-spacing-sm, 1.5rem);padding-bottom:var(--global-kb-spacing-sm, 1.5rem);padding-left:var(--global-kb-spacing-sm, 1.5rem);background:var(u002du002dglobal-palette9, #ffffff);}.wp-block-kadence-tabs .kt-tabs-id446_9691c5-1d > .kt-tabs-title-list li{margin-top:0px;margin-right:8px;margin-bottom:0px;margin-left:0px;}.wp-block-kadence-tabs .kt-tabs-id446_9691c5-1d > .kt-tabs-title-list li:last-child{margin-right:0px;}.wp-block-kadence-tabs .kt-tabs-id446_9691c5-1d > .kt-tabs-title-list li .kt-tab-title, .wp-block-kadence-tabs .kt-tabs-id446_9691c5-1d > .kt-tabs-content-wrap > .kt-tabs-accordion-title .kt-tab-title{line-height:1.4em;font-weight:regular;font-style:normal;border-top-width:0px;border-right-width:0px;border-bottom-width:4px;border-left-width:0px;border-top-left-radius:4px;border-top-right-radius:4px;border-bottom-right-radius:0px;border-bottom-left-radius:0px;padding-top:8px;padding-right:20px;padding-bottom:8px;padding-left:20px;border-color:var(u002du002dglobal-palette9, #ffffff);color:var(u002du002dglobal-palette5, #444444);background:var(u002du002dglobal-palette9, #ffffff);}.wp-block-kadence-tabs .kt-tabs-id446_9691c5-1d > .kt-tabs-content-wrap > .kt-tabs-accordion-title .kt-tab-title{margin-top:0px;margin-right:8px;margin-bottom:0px;margin-left:0px;}.wp-block-kadence-tabs .kt-tabs-id446_9691c5-1d > .kt-tabs-title-list li .kt-tab-title:hover, .wp-block-kadence-tabs .kt-tabs-id446_9691c5-1d > .kt-tabs-content-wrap > .kt-tabs-accordion-title .kt-tab-title:hover{border-color:var(u002du002dglobal-palette7, #eeeeee);color:var(u002du002dglobal-palette5, #444444);background:var(u002du002dglobal-palette9, #ffffff);}.wp-block-kadence-tabs .kt-tabs-id446_9691c5-1d > .kt-tabs-title-list li.kt-tab-title-active .kt-tab-title, .wp-block-kadence-tabs .kt-tabs-id446_9691c5-1d > .kt-tabs-content-wrap > .kt-tabs-accordion-title.kt-tab-title-active .kt-tab-title{border-color:#0a6689;color:#0a6689;background:var(u002du002dglobal-palette9, #ffffff);}@media all and (max-width: 1024px){.kt-tabs-id446_9691c5-1d > .kt-tabs-content-wrap > .wp-block-kadence-tab{border-top:1px solid var(u002du002dglobal-palette7, #eeeeee);border-right:0px solid var(u002du002dglobal-palette7, #eeeeee);border-bottom:0px solid var(u002du002dglobal-palette7, #eeeeee);border-left:0px solid var(u002du002dglobal-palette7, #eeeeee);}}@media all and (max-width: 767px){.kt-tabs-id446_9691c5-1d > .kt-tabs-content-wrap > .wp-block-kadence-tab{border-top:1px solid var(u002du002dglobal-palette7, #eeeeee);border-right:0px solid var(u002du002dglobal-palette7, #eeeeee);border-bottom:0px solid var(u002du002dglobal-palette7, #eeeeee);border-left:0px solid var(u002du002dglobal-palette7, #eeeeee);}}<\/style>\n<div class=\"wp-block-kadence-tabs alignnone\"><div class=\"kt-tabs-wrap kt-tabs-id446_9691c5-1d kt-tabs-has-7-tabs kt-active-tab-7 kt-tabs-layout-tabs kt-tabs-tablet-layout-inherit kt-tabs-mobile-layout-inherit kt-tab-alignment-center \"><ul class=\"kt-tabs-title-list\"><li id=\"tab-grupo1brsalnc1\" class=\"kt-title-item kt-title-item-1 kt-tabs-svg-show-always kt-tabs-icon-side-right kt-tab-title-inactive\"><a href=\"#tab-grupo1brsalnc1\" data-tab=\"1\" class=\"kt-tab-title kt-tab-title-1 \"><span class=\"kt-title-text\">Grupo 1 <br>Sal\u00f3n C1<\/span><\/a><\/li><li id=\"tab-grupo2brsalnc2\" class=\"kt-title-item kt-title-item-2 kt-tabs-svg-show-always kt-tabs-icon-side-right kt-tab-title-inactive\"><a href=\"#tab-grupo2brsalnc2\" data-tab=\"2\" class=\"kt-tab-title kt-tab-title-2 \"><span class=\"kt-title-text\">Grupo 2<br>Sal\u00f3n C2<\/span><\/a><\/li><li id=\"tab-grupo3brsalnc3\" class=\"kt-title-item kt-title-item-3 kt-tabs-svg-show-always kt-tabs-icon-side-right kt-tab-title-inactive\"><a href=\"#tab-grupo3brsalnc3\" data-tab=\"3\" class=\"kt-tab-title kt-tab-title-3 \"><span class=\"kt-title-text\">Grupo 3<br>Sal\u00f3n C3<\/span><\/a><\/li><li id=\"tab-grupo4brsalnc4\" class=\"kt-title-item kt-title-item-4 kt-tabs-svg-show-always kt-tabs-icon-side-right kt-tab-title-inactive\"><a href=\"#tab-grupo4brsalnc4\" data-tab=\"4\" class=\"kt-tab-title kt-tab-title-4 \"><span class=\"kt-title-text\">Grupo 4<br>Sal\u00f3n C4<\/span><\/a><\/li><li id=\"tab-grupo5brsalnc8\" class=\"kt-title-item kt-title-item-5 kt-tabs-svg-show-always kt-tabs-icon-side-right kt-tab-title-inactive\"><a href=\"#tab-grupo5brsalnc8\" data-tab=\"5\" class=\"kt-tab-title kt-tab-title-5 \"><span class=\"kt-title-text\">Grupo 5<br>Sal\u00f3n C8<\/span><\/a><\/li><li id=\"tab-grupo6brsalnc9\" class=\"kt-title-item kt-title-item-6 kt-tabs-svg-show-always kt-tabs-icon-side-right kt-tab-title-inactive\"><a href=\"#tab-grupo6brsalnc9\" data-tab=\"6\" class=\"kt-tab-title kt-tab-title-6 \"><span class=\"kt-title-text\">Grupo 6<br>Sal\u00f3n C9<\/span><\/a><\/li><li id=\"tab-grupo7brsalnd1\" class=\"kt-title-item kt-title-item-7 kt-tabs-svg-show-always kt-tabs-icon-side-right kt-tab-title-active\"><a href=\"#tab-grupo7brsalnd1\" data-tab=\"7\" class=\"kt-tab-title kt-tab-title-7 \"><span class=\"kt-title-text\">Grupo 7<br>Sal\u00f3n D1<\/span><\/a><\/li><\/ul><div class=\"kt-tabs-content-wrap\">\n<div class=\"wp-block-kadence-tab kt-tab-inner-content kt-inner-tab-1 kt-inner-tab5d0fd6-d6\"><div class=\"kt-tab-inner-content-inner\"><style>.wp-block-kadence-advancedheading.kt-adv-heading446_0798aa-c2, .wp-block-kadence-advancedheading.kt-adv-heading446_0798aa-c2[data-kb-block=\"kb-adv-heading446_0798aa-c2\"]{font-style:normal;}.wp-block-kadence-advancedheading.kt-adv-heading446_0798aa-c2 mark.kt-highlight, .wp-block-kadence-advancedheading.kt-adv-heading446_0798aa-c2[data-kb-block=\"kb-adv-heading446_0798aa-c2\"] mark.kt-highlight{font-style:normal;color:#f76a0c;-webkit-box-decoration-break:clone;box-decoration-break:clone;padding-top:0px;padding-right:0px;padding-bottom:0px;padding-left:0px;}.wp-block-kadence-advancedheading.kt-adv-heading446_0798aa-c2 img.kb-inline-image, .wp-block-kadence-advancedheading.kt-adv-heading446_0798aa-c2[data-kb-block=\"kb-adv-heading446_0798aa-c2\"] img.kb-inline-image{width:150px;vertical-align:baseline;}<\/style>\n<h2 class=\"kt-adv-heading446_0798aa-c2 wp-block-kadence-advancedheading\" data-kb-block=\"kb-adv-heading446_0798aa-c2\">G\u00c9NERO Y MATEM\u00c1TICAS. LAS APORTACIONES DE LAS MUJERES COMO BASE PARA EL DISE\u00d1O DE ACTIVIDADES PARA EL AULA.<\/h2>\n\n\n\n<p>Mar\u00eda Guadalupe Sim\u00f3n Ramos, <\/p>\n\n\n\n<p>Claudia Gisela Espinosa Guia<\/p>\n\n\n\n<figure class=\"wp-block-image size-large\"><img loading=\"lazy\" decoding=\"async\" width=\"1024\" height=\"573\" src=\"https:\/\/eime.redcimates.org\/event\/wp-content\/uploads\/2024\/11\/Genero-1024x573.png\" alt=\"\" class=\"wp-image-883\" srcset=\"https:\/\/eime.redcimates.org\/event\/wp-content\/uploads\/2024\/11\/Genero-1024x573.png 1024w, https:\/\/eime.redcimates.org\/event\/wp-content\/uploads\/2024\/11\/Genero-300x168.png 300w, https:\/\/eime.redcimates.org\/event\/wp-content\/uploads\/2024\/11\/Genero-768x430.png 768w, https:\/\/eime.redcimates.org\/event\/wp-content\/uploads\/2024\/11\/Genero.png 1490w\" sizes=\"auto, (max-width: 1024px) 100vw, 1024px\" \/><\/figure>\n<\/div><\/div>\n\n\n\n<div class=\"wp-block-kadence-tab kt-tab-inner-content kt-inner-tab-2 kt-inner-tabf6486b-aa\"><div class=\"kt-tab-inner-content-inner\"><style>.wp-block-kadence-advancedheading.kt-adv-heading446_1606be-5f, .wp-block-kadence-advancedheading.kt-adv-heading446_1606be-5f[data-kb-block=\"kb-adv-heading446_1606be-5f\"]{font-style:normal;}.wp-block-kadence-advancedheading.kt-adv-heading446_1606be-5f mark.kt-highlight, .wp-block-kadence-advancedheading.kt-adv-heading446_1606be-5f[data-kb-block=\"kb-adv-heading446_1606be-5f\"] mark.kt-highlight{font-style:normal;color:#f76a0c;-webkit-box-decoration-break:clone;box-decoration-break:clone;padding-top:0px;padding-right:0px;padding-bottom:0px;padding-left:0px;}.wp-block-kadence-advancedheading.kt-adv-heading446_1606be-5f img.kb-inline-image, .wp-block-kadence-advancedheading.kt-adv-heading446_1606be-5f[data-kb-block=\"kb-adv-heading446_1606be-5f\"] img.kb-inline-image{width:150px;vertical-align:baseline;}<\/style>\n<h2 class=\"kt-adv-heading446_1606be-5f wp-block-kadence-advancedheading\" data-kb-block=\"kb-adv-heading446_1606be-5f\">FORMACI\u00d3N Y DESARROLLO PROFESIONAL DEL PROFESOR DE MATEM\u00c1TICAS: EL CASO DE LA EVALUACI\u00d3N Y DISE\u00d1O DE RECURSOS PARA LA ENSE\u00d1ANZA<\/h2>\n\n\n\n<p>Guadalupe Caba\u00f1as-S\u00e1nchez, Judith Hern\u00e1ndez, Jes\u00fas Antonio Larios Trejo, Marco Antonio Garc\u00eda Ju\u00e1rez, Abel Morales Bello<\/p>\n\n\n\n<figure class=\"wp-block-image size-large\"><img loading=\"lazy\" decoding=\"async\" width=\"1024\" height=\"573\" src=\"https:\/\/eime.redcimates.org\/event\/wp-content\/uploads\/2024\/11\/Docencia-1024x573.png\" alt=\"\" class=\"wp-image-884\" srcset=\"https:\/\/eime.redcimates.org\/event\/wp-content\/uploads\/2024\/11\/Docencia-1024x573.png 1024w, https:\/\/eime.redcimates.org\/event\/wp-content\/uploads\/2024\/11\/Docencia-300x168.png 300w, https:\/\/eime.redcimates.org\/event\/wp-content\/uploads\/2024\/11\/Docencia-768x430.png 768w, https:\/\/eime.redcimates.org\/event\/wp-content\/uploads\/2024\/11\/Docencia.png 1493w\" sizes=\"auto, (max-width: 1024px) 100vw, 1024px\" \/><\/figure>\n<\/div><\/div>\n\n\n\n<div class=\"wp-block-kadence-tab kt-tab-inner-content kt-inner-tab-3 kt-inner-tab956f72-88\"><div class=\"kt-tab-inner-content-inner\"><style>.wp-block-kadence-advancedheading.kt-adv-heading446_d1dc88-79, .wp-block-kadence-advancedheading.kt-adv-heading446_d1dc88-79[data-kb-block=\"kb-adv-heading446_d1dc88-79\"]{font-style:normal;}.wp-block-kadence-advancedheading.kt-adv-heading446_d1dc88-79 mark.kt-highlight, .wp-block-kadence-advancedheading.kt-adv-heading446_d1dc88-79[data-kb-block=\"kb-adv-heading446_d1dc88-79\"] mark.kt-highlight{font-style:normal;color:#f76a0c;-webkit-box-decoration-break:clone;box-decoration-break:clone;padding-top:0px;padding-right:0px;padding-bottom:0px;padding-left:0px;}.wp-block-kadence-advancedheading.kt-adv-heading446_d1dc88-79 img.kb-inline-image, .wp-block-kadence-advancedheading.kt-adv-heading446_d1dc88-79[data-kb-block=\"kb-adv-heading446_d1dc88-79\"] img.kb-inline-image{width:150px;vertical-align:baseline;}<\/style>\n<h2 class=\"kt-adv-heading446_d1dc88-79 wp-block-kadence-advancedheading\" data-kb-block=\"kb-adv-heading446_d1dc88-79\">FORMACI\u00d3N DE INGENIEROS DESDE LA MATEM\u00c1TICA EDUCATIVA (FIME)<\/h2>\n\n\n\n<p>Ismael Arcos Quezada, Bertha Ivonne S\u00e1nchez Luj\u00e1n, Atenea de la Cruz Ramos, Alberto Camacho, Ruth Rodr\u00edguez Gallegos, Fernando Cajas<\/p>\n\n\n\n<figure class=\"wp-block-image size-large\"><img loading=\"lazy\" decoding=\"async\" width=\"1024\" height=\"575\" src=\"https:\/\/eime.redcimates.org\/event\/wp-content\/uploads\/2024\/11\/Ingenieria-1024x575.png\" alt=\"\" class=\"wp-image-885\" srcset=\"https:\/\/eime.redcimates.org\/event\/wp-content\/uploads\/2024\/11\/Ingenieria-1024x575.png 1024w, https:\/\/eime.redcimates.org\/event\/wp-content\/uploads\/2024\/11\/Ingenieria-300x168.png 300w, https:\/\/eime.redcimates.org\/event\/wp-content\/uploads\/2024\/11\/Ingenieria-768x431.png 768w, https:\/\/eime.redcimates.org\/event\/wp-content\/uploads\/2024\/11\/Ingenieria.png 1489w\" sizes=\"auto, (max-width: 1024px) 100vw, 1024px\" \/><\/figure>\n<\/div><\/div>\n\n\n\n<div class=\"wp-block-kadence-tab kt-tab-inner-content kt-inner-tab-4 kt-inner-tabb90bf1-d3\"><div class=\"kt-tab-inner-content-inner\"><style>.wp-block-kadence-advancedheading.kt-adv-heading446_41c879-74, .wp-block-kadence-advancedheading.kt-adv-heading446_41c879-74[data-kb-block=\"kb-adv-heading446_41c879-74\"]{font-style:normal;}.wp-block-kadence-advancedheading.kt-adv-heading446_41c879-74 mark.kt-highlight, .wp-block-kadence-advancedheading.kt-adv-heading446_41c879-74[data-kb-block=\"kb-adv-heading446_41c879-74\"] mark.kt-highlight{font-style:normal;color:#f76a0c;-webkit-box-decoration-break:clone;box-decoration-break:clone;padding-top:0px;padding-right:0px;padding-bottom:0px;padding-left:0px;}.wp-block-kadence-advancedheading.kt-adv-heading446_41c879-74 img.kb-inline-image, .wp-block-kadence-advancedheading.kt-adv-heading446_41c879-74[data-kb-block=\"kb-adv-heading446_41c879-74\"] img.kb-inline-image{width:150px;vertical-align:baseline;}<\/style>\n<h2 class=\"kt-adv-heading446_41c879-74 wp-block-kadence-advancedheading\" data-kb-block=\"kb-adv-heading446_41c879-74\">EHISME: RECOLECCI\u00d3N\/PRODUCCI\u00d3N, GESTI\u00d3N Y AN\u00c1LISIS DE DATOS EN LA INVESTIGACI\u00d3N HIST\u00d3RICA EN MATEM\u00c1TICA EDUCATIVA<\/h2>\n\n\n\n<p>Gerardo Cruz-M\u00e1rquez, Erika Zubillaga Guerrero, Melvin Cruz Amaya<\/p>\n\n\n\n<figure class=\"wp-block-image size-large\"><img loading=\"lazy\" decoding=\"async\" width=\"1024\" height=\"578\" src=\"https:\/\/eime.redcimates.org\/event\/wp-content\/uploads\/2024\/11\/Historia-1024x578.png\" alt=\"\" class=\"wp-image-886\" srcset=\"https:\/\/eime.redcimates.org\/event\/wp-content\/uploads\/2024\/11\/Historia-1024x578.png 1024w, https:\/\/eime.redcimates.org\/event\/wp-content\/uploads\/2024\/11\/Historia-300x169.png 300w, https:\/\/eime.redcimates.org\/event\/wp-content\/uploads\/2024\/11\/Historia-768x433.png 768w, https:\/\/eime.redcimates.org\/event\/wp-content\/uploads\/2024\/11\/Historia.png 1489w\" sizes=\"auto, (max-width: 1024px) 100vw, 1024px\" \/><\/figure>\n<\/div><\/div>\n\n\n\n<div class=\"wp-block-kadence-tab kt-tab-inner-content kt-inner-tab-5 kt-inner-tab65caea-11\"><div class=\"kt-tab-inner-content-inner\"><style>.wp-block-kadence-advancedheading.kt-adv-heading446_b679bb-ff, .wp-block-kadence-advancedheading.kt-adv-heading446_b679bb-ff[data-kb-block=\"kb-adv-heading446_b679bb-ff\"]{font-style:normal;}.wp-block-kadence-advancedheading.kt-adv-heading446_b679bb-ff mark.kt-highlight, .wp-block-kadence-advancedheading.kt-adv-heading446_b679bb-ff[data-kb-block=\"kb-adv-heading446_b679bb-ff\"] mark.kt-highlight{font-style:normal;color:#f76a0c;-webkit-box-decoration-break:clone;box-decoration-break:clone;padding-top:0px;padding-right:0px;padding-bottom:0px;padding-left:0px;}.wp-block-kadence-advancedheading.kt-adv-heading446_b679bb-ff img.kb-inline-image, .wp-block-kadence-advancedheading.kt-adv-heading446_b679bb-ff[data-kb-block=\"kb-adv-heading446_b679bb-ff\"] img.kb-inline-image{width:150px;vertical-align:baseline;}<\/style>\n<h2 class=\"kt-adv-heading446_b679bb-ff wp-block-kadence-advancedheading\" data-kb-block=\"kb-adv-heading446_b679bb-ff\">EL PAPEL DE LAS T\u00c9CNICAS DID\u00c1CTICAS EN LA ENSE\u00d1ANZA DE LA ESTAD\u00cdSTICA<\/h2>\n\n\n\n<p>Blanca Rosa Ruiz Hern\u00e1ndez, Jes\u00fas E. Pinto Sosa, Gladys Denisse Salgado Su\u00e1rez, Jos\u00e9 Armando Albert Huerta<\/p>\n\n\n\n<figure class=\"wp-block-image size-large\"><img loading=\"lazy\" decoding=\"async\" width=\"1024\" height=\"575\" src=\"https:\/\/eime.redcimates.org\/event\/wp-content\/uploads\/2024\/12\/Estadistica-1024x575.png\" alt=\"\" class=\"wp-image-934\" srcset=\"https:\/\/eime.redcimates.org\/event\/wp-content\/uploads\/2024\/12\/Estadistica-1024x575.png 1024w, https:\/\/eime.redcimates.org\/event\/wp-content\/uploads\/2024\/12\/Estadistica-300x169.png 300w, https:\/\/eime.redcimates.org\/event\/wp-content\/uploads\/2024\/12\/Estadistica-768x432.png 768w, https:\/\/eime.redcimates.org\/event\/wp-content\/uploads\/2024\/12\/Estadistica-1536x863.png 1536w, https:\/\/eime.redcimates.org\/event\/wp-content\/uploads\/2024\/12\/Estadistica.png 1575w\" sizes=\"auto, (max-width: 1024px) 100vw, 1024px\" \/><\/figure>\n<\/div><\/div>\n\n\n\n<div class=\"wp-block-kadence-tab kt-tab-inner-content kt-inner-tab-6 kt-inner-tabe727f7-85\"><div class=\"kt-tab-inner-content-inner\"><style>.wp-block-kadence-advancedheading.kt-adv-heading446_630d49-e6, .wp-block-kadence-advancedheading.kt-adv-heading446_630d49-e6[data-kb-block=\"kb-adv-heading446_630d49-e6\"]{font-style:normal;}.wp-block-kadence-advancedheading.kt-adv-heading446_630d49-e6 mark.kt-highlight, .wp-block-kadence-advancedheading.kt-adv-heading446_630d49-e6[data-kb-block=\"kb-adv-heading446_630d49-e6\"] mark.kt-highlight{font-style:normal;color:#f76a0c;-webkit-box-decoration-break:clone;box-decoration-break:clone;padding-top:0px;padding-right:0px;padding-bottom:0px;padding-left:0px;}.wp-block-kadence-advancedheading.kt-adv-heading446_630d49-e6 img.kb-inline-image, .wp-block-kadence-advancedheading.kt-adv-heading446_630d49-e6[data-kb-block=\"kb-adv-heading446_630d49-e6\"] img.kb-inline-image{width:150px;vertical-align:baseline;}<\/style>\n<h2 class=\"kt-adv-heading446_630d49-e6 wp-block-kadence-advancedheading\" data-kb-block=\"kb-adv-heading446_630d49-e6\">ATENCI\u00d3N A LA DIVERSIDAD. PERSPECTIVAS PARA PROMOVER UNA EDUCACI\u00d3N MATEM\u00c1TICA INCLUSIVA PARA ESTUDIANTES CON DISCAPACIDAD<\/h2>\n\n\n\n<p>Carolina Carrillo Garc\u00eda, Teresa Guadalupe Parra Fuentes, Elizabeth Becerra Ramos, Jos\u00e9 Iv\u00e1n L\u00f3pez Flores, Mar\u00eda Guadalupe Ordaz Arjona, Claudia Leticia M\u00e9ndez Bello<\/p>\n\n\n\n<figure class=\"wp-block-image size-large\"><img loading=\"lazy\" decoding=\"async\" width=\"1024\" height=\"576\" src=\"https:\/\/eime.redcimates.org\/event\/wp-content\/uploads\/2024\/12\/Diversidad-1024x576.png\" alt=\"\" class=\"wp-image-932\" srcset=\"https:\/\/eime.redcimates.org\/event\/wp-content\/uploads\/2024\/12\/Diversidad-1024x576.png 1024w, https:\/\/eime.redcimates.org\/event\/wp-content\/uploads\/2024\/12\/Diversidad-300x169.png 300w, https:\/\/eime.redcimates.org\/event\/wp-content\/uploads\/2024\/12\/Diversidad-768x432.png 768w, https:\/\/eime.redcimates.org\/event\/wp-content\/uploads\/2024\/12\/Diversidad.png 1509w\" sizes=\"auto, (max-width: 1024px) 100vw, 1024px\" \/><\/figure>\n<\/div><\/div>\n\n\n\n<div class=\"wp-block-kadence-tab kt-tab-inner-content kt-inner-tab-7 kt-inner-tabb95bc3-b1\"><div class=\"kt-tab-inner-content-inner\"><style>.wp-block-kadence-advancedheading.kt-adv-heading446_2ec68c-4e, .wp-block-kadence-advancedheading.kt-adv-heading446_2ec68c-4e[data-kb-block=\"kb-adv-heading446_2ec68c-4e\"]{font-style:normal;}.wp-block-kadence-advancedheading.kt-adv-heading446_2ec68c-4e mark.kt-highlight, .wp-block-kadence-advancedheading.kt-adv-heading446_2ec68c-4e[data-kb-block=\"kb-adv-heading446_2ec68c-4e\"] mark.kt-highlight{font-style:normal;color:#f76a0c;-webkit-box-decoration-break:clone;box-decoration-break:clone;padding-top:0px;padding-right:0px;padding-bottom:0px;padding-left:0px;}.wp-block-kadence-advancedheading.kt-adv-heading446_2ec68c-4e img.kb-inline-image, .wp-block-kadence-advancedheading.kt-adv-heading446_2ec68c-4e[data-kb-block=\"kb-adv-heading446_2ec68c-4e\"] img.kb-inline-image{width:150px;vertical-align:baseline;}<\/style>\n<h2 class=\"kt-adv-heading446_2ec68c-4e wp-block-kadence-advancedheading\" data-kb-block=\"kb-adv-heading446_2ec68c-4e\">TECNOLOG\u00cdAS DIGITALES EN MATEM\u00c1TICA EDUCATIVA<\/h2>\n\n\n\n<p>Mois\u00e9s Ricardo Miguel Aguilar, Magali M\u00e9ndez Guevara, Manuel Trejo Mart\u00ednez, Claudia Mendez Bello<\/p>\n\n\n\n<figure class=\"wp-block-image size-large\"><img loading=\"lazy\" decoding=\"async\" width=\"1024\" height=\"575\" src=\"https:\/\/eime.redcimates.org\/event\/wp-content\/uploads\/2024\/12\/Tecnologia-1024x575.png\" alt=\"\" class=\"wp-image-958\" srcset=\"https:\/\/eime.redcimates.org\/event\/wp-content\/uploads\/2024\/12\/Tecnologia-1024x575.png 1024w, https:\/\/eime.redcimates.org\/event\/wp-content\/uploads\/2024\/12\/Tecnologia-300x169.png 300w, https:\/\/eime.redcimates.org\/event\/wp-content\/uploads\/2024\/12\/Tecnologia-768x432.png 768w, https:\/\/eime.redcimates.org\/event\/wp-content\/uploads\/2024\/12\/Tecnologia-1536x863.png 1536w, https:\/\/eime.redcimates.org\/event\/wp-content\/uploads\/2024\/12\/Tecnologia.png 1573w\" sizes=\"auto, (max-width: 1024px) 100vw, 1024px\" \/><\/figure>\n<\/div><\/div>\n<\/div><\/div><\/div>\n\n\n<style>.wp-block-kadence-advancedheading.kt-adv-heading446_e71cc7-6b, .wp-block-kadence-advancedheading.kt-adv-heading446_e71cc7-6b[data-kb-block=\"kb-adv-heading446_e71cc7-6b\"]{font-style:normal;}.wp-block-kadence-advancedheading.kt-adv-heading446_e71cc7-6b mark.kt-highlight, .wp-block-kadence-advancedheading.kt-adv-heading446_e71cc7-6b[data-kb-block=\"kb-adv-heading446_e71cc7-6b\"] mark.kt-highlight{font-style:normal;color:#f76a0c;-webkit-box-decoration-break:clone;box-decoration-break:clone;padding-top:0px;padding-right:0px;padding-bottom:0px;padding-left:0px;}.wp-block-kadence-advancedheading.kt-adv-heading446_e71cc7-6b img.kb-inline-image, .wp-block-kadence-advancedheading.kt-adv-heading446_e71cc7-6b[data-kb-block=\"kb-adv-heading446_e71cc7-6b\"] img.kb-inline-image{width:150px;vertical-align:baseline;}<\/style>\n<h3 class=\"kt-adv-heading446_e71cc7-6b wp-block-kadence-advancedheading\" data-kb-block=\"kb-adv-heading446_e71cc7-6b\">Descargue aqu\u00ed la plantilla de presentaci\u00f3n<\/h3>\n\n\n\n<div class=\"wp-block-file\"><a id=\"wp-block-file--media-844b3c4f-4aa2-430d-858e-30dccf814ef6\" href=\"https:\/\/eime.redcimates.org\/event\/wp-content\/uploads\/2024\/11\/Plantilla-Base-EIME27.pptx\">Plantilla-Base-EIME27<\/a><a href=\"https:\/\/eime.redcimates.org\/event\/wp-content\/uploads\/2024\/11\/Plantilla-Base-EIME27.pptx\" class=\"wp-block-file__button wp-element-button\" download aria-describedby=\"wp-block-file--media-844b3c4f-4aa2-430d-858e-30dccf814ef6\">Descarga<\/a><\/div>\n\n\n\n<p><\/p>\n\n\n\n<p><\/p>\n","protected":false},"excerpt":{"rendered":"<p>Bajo esta modalidad se fomenta la reuni\u00f3n con especialistas que se proponen para coordinar un grupo de debate y reflexi\u00f3n acerca de una tem\u00e1tica de inter\u00e9s para la comunidad, buscando analizar y contextualizar problem\u00e1ticas espec\u00edficas de la disciplina, tendencias de &hellip; <a href=\"https:\/\/eime.redcimates.org\/event\/grupos-tematicos-xxix\/\">Continuar<\/a><\/p>\n","protected":false},"author":1,"featured_media":0,"parent":0,"menu_order":0,"comment_status":"closed","ping_status":"closed","template":"","meta":{"kt_blocks_editor_width":"","footnotes":""},"class_list":["post-1120","page","type-page","status-publish","hentry"],"_links":{"self":[{"href":"https:\/\/eime.redcimates.org\/event\/wp-json\/wp\/v2\/pages\/1120","targetHints":{"allow":["GET"]}}],"collection":[{"href":"https:\/\/eime.redcimates.org\/event\/wp-json\/wp\/v2\/pages"}],"about":[{"href":"https:\/\/eime.redcimates.org\/event\/wp-json\/wp\/v2\/types\/page"}],"author":[{"embeddable":true,"href":"https:\/\/eime.redcimates.org\/event\/wp-json\/wp\/v2\/users\/1"}],"replies":[{"embeddable":true,"href":"https:\/\/eime.redcimates.org\/event\/wp-json\/wp\/v2\/comments?post=1120"}],"version-history":[{"count":1,"href":"https:\/\/eime.redcimates.org\/event\/wp-json\/wp\/v2\/pages\/1120\/revisions"}],"predecessor-version":[{"id":1121,"href":"https:\/\/eime.redcimates.org\/event\/wp-json\/wp\/v2\/pages\/1120\/revisions\/1121"}],"wp:attachment":[{"href":"https:\/\/eime.redcimates.org\/event\/wp-json\/wp\/v2\/media?parent=1120"}],"curies":[{"name":"wp","href":"https:\/\/api.w.org\/{rel}","templated":true}]}}