{"id":1129,"date":"2026-05-08T23:20:59","date_gmt":"2026-05-08T23:20:59","guid":{"rendered":"https:\/\/eime.redcimates.org\/event\/?page_id=1129"},"modified":"2026-05-08T23:21:00","modified_gmt":"2026-05-08T23:21:00","slug":"talleres-xxix","status":"publish","type":"page","link":"https:\/\/eime.redcimates.org\/event\/talleres-xxix\/","title":{"rendered":"Talleres XXIX"},"content":{"rendered":"\n<p class=\"has-small-font-size\">El desarrollo de la matem\u00e1tica educativa en M\u00e9xico siempre ha estado vinculado a la pr\u00e1ctica docente. La primera generaci\u00f3n de profesionales que incursionaron en el campo y vieron la necesidad de contar con una EIME se plantearon sus primeras preguntas de investigaci\u00f3n desde sus aulas. En esta EIME XXVI distinguimos a los talleres con el objetivo de que se conviertan en un espacio donde investigaci\u00f3n y docencia puedan dialogar y retroalimentarse mutuamente, una tarea a\u00fan pendiente para la disciplina pero que siempre ha ocupado un lugar importante en nuestra Escuela.<br><\/p>\n\n\n<style>.wp-block-kadence-advancedgallery .kb-gallery-type-masonry.kb-gallery-id-391_70365f-2e{margin:-5px;}.kb-gallery-type-masonry.kb-gallery-id-391_70365f-2e .kadence-blocks-gallery-item{padding:5px;}.kb-gallery-id-391_70365f-2e .kadence-blocks-gallery-item .kb-gal-image-radius, .kb-gallery-id-391_70365f-2e .kb-slide-item .kb-gal-image-radius img{border-radius:0px 0px 0px 0px;;}<\/style><div class=\"kb-gallery-wrap-id-391_70365f-2e alignnone wp-block-kadence-advancedgallery\"><ul class=\"kb-gallery-ul kb-gallery-non-static kb-gallery-type-masonry kb-masonry-init kb-gallery-id-391_70365f-2e kb-gallery-caption-style-bottom-hover kb-gallery-filter-none\" data-image-filter=\"none\" data-item-selector=\".kadence-blocks-gallery-item\" data-lightbox-caption=\"true\" data-columns-xxl=\"3\" data-columns-xl=\"3\" data-columns-md=\"3\" data-columns-sm=\"2\" data-columns-xs=\"1\" data-columns-ss=\"1\"><li class=\"kadence-blocks-gallery-item\" tabindex=\"0\"><div class=\"kadence-blocks-gallery-item-inner\"><figure class=\"kb-gallery-figure kadence-blocks-gallery-item-hide-caption\"><div class=\"kb-gal-image-radius\" style=\"max-width:791px;\"><div class=\"kb-gallery-image-contain kadence-blocks-gallery-intrinsic\" style=\"padding-bottom:129%;\"><img loading=\"lazy\" decoding=\"async\" src=\"https:\/\/eime.redcimates.org\/event\/wp-content\/uploads\/2024\/11\/Taller-Angelina-791x1024.jpg\" width=\"791\" height=\"1024\" alt=\"\" data-full-image=\"https:\/\/eime.redcimates.org\/event\/wp-content\/uploads\/2024\/11\/Taller-Angelina.jpg\" data-light-image=\"https:\/\/eime.redcimates.org\/event\/wp-content\/uploads\/2024\/11\/Taller-Angelina.jpg\" data-id=\"852\" class=\"wp-image-852\" srcset=\"https:\/\/eime.redcimates.org\/event\/wp-content\/uploads\/2024\/11\/Taller-Angelina-791x1024.jpg 791w, https:\/\/eime.redcimates.org\/event\/wp-content\/uploads\/2024\/11\/Taller-Angelina-232x300.jpg 232w, https:\/\/eime.redcimates.org\/event\/wp-content\/uploads\/2024\/11\/Taller-Angelina-768x994.jpg 768w, https:\/\/eime.redcimates.org\/event\/wp-content\/uploads\/2024\/11\/Taller-Angelina-1187x1536.jpg 1187w, https:\/\/eime.redcimates.org\/event\/wp-content\/uploads\/2024\/11\/Taller-Angelina.jpg 1236w\" sizes=\"auto, (max-width: 791px) 100vw, 791px\" \/><\/div><\/div><\/figure><\/div><\/li><li class=\"kadence-blocks-gallery-item\" tabindex=\"0\"><div class=\"kadence-blocks-gallery-item-inner\"><figure class=\"kb-gallery-figure kadence-blocks-gallery-item-hide-caption\"><div class=\"kb-gal-image-radius\" style=\"max-width:791px;\"><div class=\"kb-gallery-image-contain kadence-blocks-gallery-intrinsic\" style=\"padding-bottom:129%;\"><img loading=\"lazy\" decoding=\"async\" src=\"https:\/\/eime.redcimates.org\/event\/wp-content\/uploads\/2024\/11\/Taller-Carolina-Carrillo-791x1024.jpg\" width=\"791\" height=\"1024\" alt=\"\" data-full-image=\"https:\/\/eime.redcimates.org\/event\/wp-content\/uploads\/2024\/11\/Taller-Carolina-Carrillo.jpg\" data-light-image=\"https:\/\/eime.redcimates.org\/event\/wp-content\/uploads\/2024\/11\/Taller-Carolina-Carrillo.jpg\" data-id=\"853\" class=\"wp-image-853\" srcset=\"https:\/\/eime.redcimates.org\/event\/wp-content\/uploads\/2024\/11\/Taller-Carolina-Carrillo-791x1024.jpg 791w, https:\/\/eime.redcimates.org\/event\/wp-content\/uploads\/2024\/11\/Taller-Carolina-Carrillo-232x300.jpg 232w, https:\/\/eime.redcimates.org\/event\/wp-content\/uploads\/2024\/11\/Taller-Carolina-Carrillo-768x994.jpg 768w, https:\/\/eime.redcimates.org\/event\/wp-content\/uploads\/2024\/11\/Taller-Carolina-Carrillo-1187x1536.jpg 1187w, https:\/\/eime.redcimates.org\/event\/wp-content\/uploads\/2024\/11\/Taller-Carolina-Carrillo.jpg 1236w\" sizes=\"auto, (max-width: 791px) 100vw, 791px\" \/><\/div><\/div><\/figure><\/div><\/li><li class=\"kadence-blocks-gallery-item\" tabindex=\"0\"><div class=\"kadence-blocks-gallery-item-inner\"><figure class=\"kb-gallery-figure kadence-blocks-gallery-item-hide-caption\"><div class=\"kb-gal-image-radius\" style=\"max-width:791px;\"><div class=\"kb-gallery-image-contain kadence-blocks-gallery-intrinsic\" style=\"padding-bottom:129%;\"><img loading=\"lazy\" decoding=\"async\" src=\"https:\/\/eime.redcimates.org\/event\/wp-content\/uploads\/2024\/11\/Taller-Erika-Zubillaga-791x1024.jpg\" width=\"791\" height=\"1024\" alt=\"\" data-full-image=\"https:\/\/eime.redcimates.org\/event\/wp-content\/uploads\/2024\/11\/Taller-Erika-Zubillaga.jpg\" data-light-image=\"https:\/\/eime.redcimates.org\/event\/wp-content\/uploads\/2024\/11\/Taller-Erika-Zubillaga.jpg\" data-id=\"854\" class=\"wp-image-854\" srcset=\"https:\/\/eime.redcimates.org\/event\/wp-content\/uploads\/2024\/11\/Taller-Erika-Zubillaga-791x1024.jpg 791w, https:\/\/eime.redcimates.org\/event\/wp-content\/uploads\/2024\/11\/Taller-Erika-Zubillaga-232x300.jpg 232w, https:\/\/eime.redcimates.org\/event\/wp-content\/uploads\/2024\/11\/Taller-Erika-Zubillaga-768x994.jpg 768w, https:\/\/eime.redcimates.org\/event\/wp-content\/uploads\/2024\/11\/Taller-Erika-Zubillaga-1187x1536.jpg 1187w, https:\/\/eime.redcimates.org\/event\/wp-content\/uploads\/2024\/11\/Taller-Erika-Zubillaga.jpg 1236w\" sizes=\"auto, (max-width: 791px) 100vw, 791px\" \/><\/div><\/div><\/figure><\/div><\/li><li class=\"kadence-blocks-gallery-item\" tabindex=\"0\"><div class=\"kadence-blocks-gallery-item-inner\"><figure class=\"kb-gallery-figure kadence-blocks-gallery-item-hide-caption\"><div class=\"kb-gal-image-radius\" style=\"max-width:791px;\"><div class=\"kb-gallery-image-contain kadence-blocks-gallery-intrinsic\" style=\"padding-bottom:129%;\"><img loading=\"lazy\" decoding=\"async\" src=\"https:\/\/eime.redcimates.org\/event\/wp-content\/uploads\/2024\/11\/Taller-Guadalupe-Cabanas-791x1024.jpg\" width=\"791\" height=\"1024\" alt=\"\" data-full-image=\"https:\/\/eime.redcimates.org\/event\/wp-content\/uploads\/2024\/11\/Taller-Guadalupe-Cabanas.jpg\" data-light-image=\"https:\/\/eime.redcimates.org\/event\/wp-content\/uploads\/2024\/11\/Taller-Guadalupe-Cabanas.jpg\" data-id=\"855\" class=\"wp-image-855\" srcset=\"https:\/\/eime.redcimates.org\/event\/wp-content\/uploads\/2024\/11\/Taller-Guadalupe-Cabanas-791x1024.jpg 791w, https:\/\/eime.redcimates.org\/event\/wp-content\/uploads\/2024\/11\/Taller-Guadalupe-Cabanas-232x300.jpg 232w, https:\/\/eime.redcimates.org\/event\/wp-content\/uploads\/2024\/11\/Taller-Guadalupe-Cabanas-768x994.jpg 768w, https:\/\/eime.redcimates.org\/event\/wp-content\/uploads\/2024\/11\/Taller-Guadalupe-Cabanas-1187x1536.jpg 1187w, https:\/\/eime.redcimates.org\/event\/wp-content\/uploads\/2024\/11\/Taller-Guadalupe-Cabanas.jpg 1236w\" sizes=\"auto, (max-width: 791px) 100vw, 791px\" \/><\/div><\/div><\/figure><\/div><\/li><li class=\"kadence-blocks-gallery-item\" tabindex=\"0\"><div class=\"kadence-blocks-gallery-item-inner\"><figure class=\"kb-gallery-figure kadence-blocks-gallery-item-hide-caption\"><div class=\"kb-gal-image-radius\" style=\"max-width:791px;\"><div class=\"kb-gallery-image-contain kadence-blocks-gallery-intrinsic\" style=\"padding-bottom:129%;\"><img loading=\"lazy\" decoding=\"async\" src=\"https:\/\/eime.redcimates.org\/event\/wp-content\/uploads\/2024\/11\/Taller-Ivonne-Sanchez-791x1024.jpg\" width=\"791\" height=\"1024\" alt=\"\" data-full-image=\"https:\/\/eime.redcimates.org\/event\/wp-content\/uploads\/2024\/11\/Taller-Ivonne-Sanchez.jpg\" data-light-image=\"https:\/\/eime.redcimates.org\/event\/wp-content\/uploads\/2024\/11\/Taller-Ivonne-Sanchez.jpg\" data-id=\"856\" class=\"wp-image-856\" srcset=\"https:\/\/eime.redcimates.org\/event\/wp-content\/uploads\/2024\/11\/Taller-Ivonne-Sanchez-791x1024.jpg 791w, https:\/\/eime.redcimates.org\/event\/wp-content\/uploads\/2024\/11\/Taller-Ivonne-Sanchez-232x300.jpg 232w, https:\/\/eime.redcimates.org\/event\/wp-content\/uploads\/2024\/11\/Taller-Ivonne-Sanchez-768x994.jpg 768w, https:\/\/eime.redcimates.org\/event\/wp-content\/uploads\/2024\/11\/Taller-Ivonne-Sanchez-1187x1536.jpg 1187w, https:\/\/eime.redcimates.org\/event\/wp-content\/uploads\/2024\/11\/Taller-Ivonne-Sanchez.jpg 1236w\" sizes=\"auto, (max-width: 791px) 100vw, 791px\" \/><\/div><\/div><\/figure><\/div><\/li><li class=\"kadence-blocks-gallery-item\" tabindex=\"0\"><div class=\"kadence-blocks-gallery-item-inner\"><figure class=\"kb-gallery-figure kadence-blocks-gallery-item-hide-caption\"><div class=\"kb-gal-image-radius\" style=\"max-width:791px;\"><div class=\"kb-gallery-image-contain kadence-blocks-gallery-intrinsic\" style=\"padding-bottom:129%;\"><img loading=\"lazy\" decoding=\"async\" src=\"https:\/\/eime.redcimates.org\/event\/wp-content\/uploads\/2024\/11\/Taller-Jesus-Larios-791x1024.jpg\" width=\"791\" height=\"1024\" alt=\"\" data-full-image=\"https:\/\/eime.redcimates.org\/event\/wp-content\/uploads\/2024\/11\/Taller-Jesus-Larios.jpg\" data-light-image=\"https:\/\/eime.redcimates.org\/event\/wp-content\/uploads\/2024\/11\/Taller-Jesus-Larios.jpg\" data-id=\"857\" class=\"wp-image-857\" srcset=\"https:\/\/eime.redcimates.org\/event\/wp-content\/uploads\/2024\/11\/Taller-Jesus-Larios-791x1024.jpg 791w, https:\/\/eime.redcimates.org\/event\/wp-content\/uploads\/2024\/11\/Taller-Jesus-Larios-232x300.jpg 232w, https:\/\/eime.redcimates.org\/event\/wp-content\/uploads\/2024\/11\/Taller-Jesus-Larios-768x994.jpg 768w, https:\/\/eime.redcimates.org\/event\/wp-content\/uploads\/2024\/11\/Taller-Jesus-Larios-1187x1536.jpg 1187w, https:\/\/eime.redcimates.org\/event\/wp-content\/uploads\/2024\/11\/Taller-Jesus-Larios.jpg 1236w\" sizes=\"auto, (max-width: 791px) 100vw, 791px\" \/><\/div><\/div><\/figure><\/div><\/li><\/ul><\/div>\n\n<style>.kt-tabs-id391_d714eb-93 > .kt-tabs-content-wrap > .wp-block-kadence-tab{border-top:7px solid #bcbcbc;border-right:7px solid #bcbcbc;border-bottom:7px solid #bcbcbc;border-left:7px solid #bcbcbc;border-top-left-radius:0px;border-top-right-radius:0px;border-bottom-right-radius:0px;border-bottom-left-radius:0px;padding-top:12px;padding-right:12px;padding-bottom:12px;padding-left:12px;min-height:708px;background:#ffffff;}.wp-block-kadence-tabs .kt-tabs-id391_d714eb-93 > .kt-tabs-title-list li{margin-top:0px;margin-right:8px;margin-bottom:-1px;margin-left:0px;}.wp-block-kadence-tabs .kt-tabs-id391_d714eb-93 > .kt-tabs-title-list li:last-child{margin-right:0px;}.wp-block-kadence-tabs .kt-tabs-id391_d714eb-93 > .kt-tabs-title-list li .kt-tab-title, .wp-block-kadence-tabs .kt-tabs-id391_d714eb-93 > .kt-tabs-content-wrap > .kt-tabs-accordion-title .kt-tab-title{line-height:1.4em;font-weight:regular;font-style:normal;border-top-width:1px;border-right-width:1px;border-bottom-width:0px;border-left-width:1px;border-top-left-radius:4px;border-top-right-radius:4px;border-bottom-right-radius:0px;border-bottom-left-radius:0px;padding-top:8px;padding-right:20px;padding-bottom:8px;padding-left:20px;border-color:#eeeeee;color:#444444;background:#ffffff;}.wp-block-kadence-tabs .kt-tabs-id391_d714eb-93 > .kt-tabs-content-wrap > .kt-tabs-accordion-title .kt-tab-title{margin-top:0px;margin-right:8px;margin-bottom:-1px;margin-left:0px;}.wp-block-kadence-tabs .kt-tabs-id391_d714eb-93 > .kt-tabs-title-list li .kt-tab-title:hover, .wp-block-kadence-tabs .kt-tabs-id391_d714eb-93 > .kt-tabs-content-wrap > .kt-tabs-accordion-title .kt-tab-title:hover{border-color:#e2e2e2;color:#444444;background:#ffffff;}.wp-block-kadence-tabs .kt-tabs-id391_d714eb-93 > .kt-tabs-title-list li.kt-tab-title-active .kt-tab-title, .wp-block-kadence-tabs .kt-tabs-id391_d714eb-93 > .kt-tabs-content-wrap > .kt-tabs-accordion-title.kt-tab-title-active .kt-tab-title{border-color:#bcbcbc;color:#5ccae7;background:#ffffff;}.wp-block-kadence-tabs .kt-tabs-id391_d714eb-93{max-width:1803px;}@media all and (max-width: 1024px){.kt-tabs-id391_d714eb-93 > .kt-tabs-content-wrap > .wp-block-kadence-tab{border-top:7px solid #bcbcbc;border-right:7px solid #bcbcbc;border-bottom:7px solid #bcbcbc;border-left:7px solid #bcbcbc;}}@media all and (max-width: 767px){.kt-tabs-id391_d714eb-93 > .kt-tabs-content-wrap > .wp-block-kadence-tab{border-top:7px solid #bcbcbc;border-right:7px solid #bcbcbc;border-bottom:7px solid #bcbcbc;border-left:7px solid #bcbcbc;}}<\/style>\n<div class=\"wp-block-kadence-tabs alignnone\"><div class=\"kt-tabs-wrap kt-tabs-id391_d714eb-93 kt-tabs-has-3-tabs kt-active-tab-2 kt-tabs-layout-tabs kt-tabs-tablet-layout-inherit kt-tabs-mobile-layout-inherit kt-tab-alignment-left \"><ul class=\"kt-tabs-title-list\"><li id=\"tab-mircoles6830-1030brjueves1030-1230\" class=\"kt-title-item kt-title-item-1 kt-tabs-svg-show-always kt-tabs-icon-side-right kt-tab-title-inactive\"><a href=\"#tab-mircoles6830-1030brjueves1030-1230\" data-tab=\"1\" class=\"kt-tab-title kt-tab-title-1 \"><span class=\"kt-title-text\">Mi\u00e9rcoles 6 8:30-10:30 <br>Jueves 10:30-12:30<\/span><\/a><\/li><li id=\"tab-mircoles6br1200-1400br\" class=\"kt-title-item kt-title-item-2 kt-tabs-svg-show-always kt-tabs-icon-side-right kt-tab-title-active\"><a href=\"#tab-mircoles6br1200-1400br\" data-tab=\"2\" class=\"kt-tab-title kt-tab-title-2 \"><span class=\"kt-title-text\">Mi\u00e9rcoles 6 <br>12:00-14:00<br><\/span><\/a><\/li><li id=\"tab-jueves7br830-1030\" class=\"kt-title-item kt-title-item-3 kt-tabs-svg-show-always kt-tabs-icon-side-right kt-tab-title-inactive\"><a href=\"#tab-jueves7br830-1030\" data-tab=\"3\" class=\"kt-tab-title kt-tab-title-3 \"><span class=\"kt-title-text\">Jueves 7 <br>8:30-10:30<\/span><\/a><\/li><\/ul><div class=\"kt-tabs-content-wrap\">\n<div class=\"wp-block-kadence-tab kt-tab-inner-content kt-inner-tab-1 kt-inner-tabc6d5db-28\"><div class=\"kt-tab-inner-content-inner\"><\/div><\/div>\n\n\n\n<div class=\"wp-block-kadence-tab kt-tab-inner-content kt-inner-tab-2 kt-inner-tabc83851-bd\"><div class=\"kt-tab-inner-content-inner\">\n<hr class=\"wp-block-separator has-css-opacity\"\/>\n\n\n\n<hr class=\"wp-block-separator has-alpha-channel-opacity\"\/>\n\n\n\n<hr class=\"wp-block-separator has-alpha-channel-opacity\"\/>\n\n\n\n<hr class=\"wp-block-separator has-alpha-channel-opacity\"\/>\n\n\n\n<hr class=\"wp-block-separator has-css-opacity\"\/>\n<\/div><\/div>\n\n\n\n<div class=\"wp-block-kadence-tab kt-tab-inner-content kt-inner-tab-3 kt-inner-tab696e43-74\"><div class=\"kt-tab-inner-content-inner\">\n<hr class=\"wp-block-separator has-alpha-channel-opacity\"\/>\n<\/div><\/div>\n<\/div><\/div><\/div>\n\n\n\n<p><\/p>\n","protected":false},"excerpt":{"rendered":"<p>El desarrollo de la matem\u00e1tica educativa en M\u00e9xico siempre ha estado vinculado a la pr\u00e1ctica docente. La primera generaci\u00f3n de profesionales que incursionaron en el campo y vieron la necesidad de contar con una EIME se plantearon sus primeras preguntas &hellip; <a href=\"https:\/\/eime.redcimates.org\/event\/talleres-xxix\/\">Continuar<\/a><\/p>\n","protected":false},"author":1,"featured_media":0,"parent":0,"menu_order":0,"comment_status":"closed","ping_status":"closed","template":"","meta":{"kt_blocks_editor_width":"","footnotes":""},"class_list":["post-1129","page","type-page","status-publish","hentry"],"_links":{"self":[{"href":"https:\/\/eime.redcimates.org\/event\/wp-json\/wp\/v2\/pages\/1129","targetHints":{"allow":["GET"]}}],"collection":[{"href":"https:\/\/eime.redcimates.org\/event\/wp-json\/wp\/v2\/pages"}],"about":[{"href":"https:\/\/eime.redcimates.org\/event\/wp-json\/wp\/v2\/types\/page"}],"author":[{"embeddable":true,"href":"https:\/\/eime.redcimates.org\/event\/wp-json\/wp\/v2\/users\/1"}],"replies":[{"embeddable":true,"href":"https:\/\/eime.redcimates.org\/event\/wp-json\/wp\/v2\/comments?post=1129"}],"version-history":[{"count":1,"href":"https:\/\/eime.redcimates.org\/event\/wp-json\/wp\/v2\/pages\/1129\/revisions"}],"predecessor-version":[{"id":1132,"href":"https:\/\/eime.redcimates.org\/event\/wp-json\/wp\/v2\/pages\/1129\/revisions\/1132"}],"wp:attachment":[{"href":"https:\/\/eime.redcimates.org\/event\/wp-json\/wp\/v2\/media?parent=1129"}],"curies":[{"name":"wp","href":"https:\/\/api.w.org\/{rel}","templated":true}]}}