{"id":1133,"date":"2026-05-08T23:23:05","date_gmt":"2026-05-08T23:23:05","guid":{"rendered":"https:\/\/eime.redcimates.org\/event\/?page_id=1133"},"modified":"2026-05-08T23:23:06","modified_gmt":"2026-05-08T23:23:06","slug":"mesas-tematicas-xxix","status":"publish","type":"page","link":"https:\/\/eime.redcimates.org\/event\/mesas-tematicas-xxix\/","title":{"rendered":"Mesas Tem\u00e1ticas XXIX"},"content":{"rendered":"\n<figure class=\"wp-block-image size-large\"><img loading=\"lazy\" decoding=\"async\" width=\"1024\" height=\"450\" src=\"https:\/\/eime.redcimates.org\/event\/wp-content\/uploads\/2024\/11\/FB_PORTADA-1024x450.jpg\" alt=\"\" class=\"wp-image-811\" srcset=\"https:\/\/eime.redcimates.org\/event\/wp-content\/uploads\/2024\/11\/FB_PORTADA-1024x450.jpg 1024w, https:\/\/eime.redcimates.org\/event\/wp-content\/uploads\/2024\/11\/FB_PORTADA-300x132.jpg 300w, https:\/\/eime.redcimates.org\/event\/wp-content\/uploads\/2024\/11\/FB_PORTADA-768x337.jpg 768w, https:\/\/eime.redcimates.org\/event\/wp-content\/uploads\/2024\/11\/FB_PORTADA-1536x674.jpg 1536w, https:\/\/eime.redcimates.org\/event\/wp-content\/uploads\/2024\/11\/FB_PORTADA-2048x899.jpg 2048w\" sizes=\"auto, (max-width: 1024px) 100vw, 1024px\" \/><\/figure>\n\n\n<style>.wp-block-kadence-advancedheading.kt-adv-heading428_2281a3-21, .wp-block-kadence-advancedheading.kt-adv-heading428_2281a3-21[data-kb-block=\"kb-adv-heading428_2281a3-21\"]{text-align:center;font-style:normal;}.wp-block-kadence-advancedheading.kt-adv-heading428_2281a3-21 mark.kt-highlight, .wp-block-kadence-advancedheading.kt-adv-heading428_2281a3-21[data-kb-block=\"kb-adv-heading428_2281a3-21\"] mark.kt-highlight{font-style:normal;color:#f76a0c;-webkit-box-decoration-break:clone;box-decoration-break:clone;padding-top:0px;padding-right:0px;padding-bottom:0px;padding-left:0px;}.wp-block-kadence-advancedheading.kt-adv-heading428_2281a3-21 img.kb-inline-image, .wp-block-kadence-advancedheading.kt-adv-heading428_2281a3-21[data-kb-block=\"kb-adv-heading428_2281a3-21\"] img.kb-inline-image{width:150px;vertical-align:baseline;}<\/style>\n<h2 class=\"kt-adv-heading428_2281a3-21 wp-block-kadence-advancedheading\" data-kb-block=\"kb-adv-heading428_2281a3-21\"><strong>Eventos en el que especialistas, investigadoras e investigadores en Matem\u00e1tica Educativa, autoridades educativas, docentes y dem\u00e1s personas implicadas en el tema de la EIME, expondr\u00e1n sus puntos de vista y reflexiones que desde la pr\u00e1ctica docente y la investigaci\u00f3n contribuyan al desarrollo de propuestas que atiendan a las necesidades actuales de nuestro Sistema Educativo en cuanto a Ense\u00f1anza y Aprendizaje de las Matem\u00e1ticas.<\/strong><\/h2>\n\n\n\n<p><\/p>\n\n\n<style>.kt-accordion-id428_df104e-fe .kt-accordion-inner-wrap{column-gap:var(--global-kb-gap-md, 2rem);row-gap:0px;}.kt-accordion-id428_df104e-fe .kt-accordion-panel-inner{border-top:0px solid transparent;border-right:0px solid transparent;border-bottom:0px solid transparent;border-left:0px solid transparent;padding-top:var(--global-kb-spacing-sm, 1.5rem);padding-right:var(--global-kb-spacing-sm, 1.5rem);padding-bottom:var(--global-kb-spacing-sm, 1.5rem);padding-left:var(--global-kb-spacing-sm, 1.5rem);}.kt-accordion-id428_df104e-fe > .kt-accordion-inner-wrap > .wp-block-kadence-pane > .kt-accordion-header-wrap > .kt-blocks-accordion-header{border-top:0px solid #f2f2f2;border-right:0px solid #f2f2f2;border-bottom:0px solid #f2f2f2;border-left:0px solid #f2f2f2;border-top-left-radius:0px;border-top-right-radius:0px;border-bottom-right-radius:0px;border-bottom-left-radius:0px;background:#006a6d;color:#fff;padding-top:10px;padding-right:14px;padding-bottom:10px;padding-left:14px;}.kt-accordion-id428_df104e-fe:not( .kt-accodion-icon-style-basiccircle ):not( .kt-accodion-icon-style-xclosecircle ):not( .kt-accodion-icon-style-arrowcircle )  > .kt-accordion-inner-wrap > .wp-block-kadence-pane > .kt-accordion-header-wrap .kt-blocks-accordion-icon-trigger:after, .kt-accordion-id428_df104e-fe:not( .kt-accodion-icon-style-basiccircle ):not( .kt-accodion-icon-style-xclosecircle ):not( .kt-accodion-icon-style-arrowcircle )  > .kt-accordion-inner-wrap > .wp-block-kadence-pane > .kt-accordion-header-wrap .kt-blocks-accordion-icon-trigger:before{background:#fff;}.kt-accordion-id428_df104e-fe:not( .kt-accodion-icon-style-basic ):not( .kt-accodion-icon-style-xclose ):not( .kt-accodion-icon-style-arrow ) .kt-blocks-accordion-icon-trigger{background:#fff;}.kt-accordion-id428_df104e-fe:not( .kt-accodion-icon-style-basic ):not( .kt-accodion-icon-style-xclose ):not( .kt-accodion-icon-style-arrow ) .kt-blocks-accordion-icon-trigger:after, .kt-accordion-id428_df104e-fe:not( .kt-accodion-icon-style-basic ):not( .kt-accodion-icon-style-xclose ):not( .kt-accodion-icon-style-arrow ) .kt-blocks-accordion-icon-trigger:before{background:#006a6d;}.kt-accordion-id428_df104e-fe > .kt-accordion-inner-wrap > .wp-block-kadence-pane > .kt-accordion-header-wrap > .kt-blocks-accordion-header:hover, \n\t\t\t\tbody:not(.hide-focus-outline) .kt-accordion-id428_df104e-fe .kt-blocks-accordion-header:focus-visible{color:#444444;background:#eeeeee;border-top-color:#eeeeee;border-top-style:solid;border-right-color:#eeeeee;border-right-style:solid;border-bottom-color:#eeeeee;border-bottom-style:solid;border-left-color:#eeeeee;border-left-style:solid;}.kt-accordion-id428_df104e-fe:not( .kt-accodion-icon-style-basiccircle ):not( .kt-accodion-icon-style-xclosecircle ):not( .kt-accodion-icon-style-arrowcircle ) .kt-accordion-header-wrap .kt-blocks-accordion-header:hover .kt-blocks-accordion-icon-trigger:after, .kt-accordion-id428_df104e-fe:not( .kt-accodion-icon-style-basiccircle ):not( .kt-accodion-icon-style-xclosecircle ):not( .kt-accodion-icon-style-arrowcircle ) .kt-accordion-header-wrap .kt-blocks-accordion-header:hover .kt-blocks-accordion-icon-trigger:before, body:not(.hide-focus-outline) .kt-accordion-id428_df104e-fe:not( .kt-accodion-icon-style-basiccircle ):not( .kt-accodion-icon-style-xclosecircle ):not( .kt-accodion-icon-style-arrowcircle ) .kt-blocks-accordion--visible .kt-blocks-accordion-icon-trigger:after, body:not(.hide-focus-outline) .kt-accordion-id428_df104e-fe:not( .kt-accodion-icon-style-basiccircle ):not( .kt-accodion-icon-style-xclosecircle ):not( .kt-accodion-icon-style-arrowcircle ) .kt-blocks-accordion-header:focus-visible .kt-blocks-accordion-icon-trigger:before{background:#444444;}.kt-accordion-id428_df104e-fe:not( .kt-accodion-icon-style-basic ):not( .kt-accodion-icon-style-xclose ):not( .kt-accodion-icon-style-arrow ) .kt-accordion-header-wrap .kt-blocks-accordion-header:hover .kt-blocks-accordion-icon-trigger, body:not(.hide-focus-outline) .kt-accordion-id428_df104e-fe:not( .kt-accodion-icon-style-basic ):not( .kt-accodion-icon-style-xclose ):not( .kt-accodion-icon-style-arrow ) .kt-accordion-header-wrap .kt-blocks-accordion-header:focus-visible .kt-blocks-accordion-icon-trigger{background:#444444;}.kt-accordion-id428_df104e-fe:not( .kt-accodion-icon-style-basic ):not( .kt-accodion-icon-style-xclose ):not( .kt-accodion-icon-style-arrow ) .kt-accordion-header-wrap .kt-blocks-accordion-header:hover .kt-blocks-accordion-icon-trigger:after, .kt-accordion-id428_df104e-fe:not( .kt-accodion-icon-style-basic ):not( .kt-accodion-icon-style-xclose ):not( .kt-accodion-icon-style-arrow ) .kt-accordion-header-wrap .kt-blocks-accordion-header:hover .kt-blocks-accordion-icon-trigger:before, body:not(.hide-focus-outline) .kt-accordion-id428_df104e-fe:not( .kt-accodion-icon-style-basic ):not( .kt-accodion-icon-style-xclose ):not( .kt-accodion-icon-style-arrow ) .kt-accordion-header-wrap .kt-blocks-accordion-header:focus-visible .kt-blocks-accordion-icon-trigger:after, body:not(.hide-focus-outline) .kt-accordion-id428_df104e-fe:not( .kt-accodion-icon-style-basic ):not( .kt-accodion-icon-style-xclose ):not( .kt-accodion-icon-style-arrow ) .kt-accordion-header-wrap .kt-blocks-accordion-header:focus-visible .kt-blocks-accordion-icon-trigger:before{background:#eeeeee;}.kt-accordion-id428_df104e-fe .kt-accordion-header-wrap .kt-blocks-accordion-header:focus-visible,\n\t\t\t\t.kt-accordion-id428_df104e-fe > .kt-accordion-inner-wrap > .wp-block-kadence-pane > .kt-accordion-header-wrap > .kt-blocks-accordion-header.kt-accordion-panel-active{color:#ffffff;background:#444444;border-top-color:#444444;border-top-style:solid;border-right-color:#444444;border-right-style:solid;border-bottom-color:#444444;border-bottom-style:solid;border-left-color:#444444;border-left-style:solid;}.kt-accordion-id428_df104e-fe:not( .kt-accodion-icon-style-basiccircle ):not( .kt-accodion-icon-style-xclosecircle ):not( .kt-accodion-icon-style-arrowcircle )  > .kt-accordion-inner-wrap > .wp-block-kadence-pane > .kt-accordion-header-wrap > .kt-blocks-accordion-header.kt-accordion-panel-active .kt-blocks-accordion-icon-trigger:after, .kt-accordion-id428_df104e-fe:not( .kt-accodion-icon-style-basiccircle ):not( .kt-accodion-icon-style-xclosecircle ):not( .kt-accodion-icon-style-arrowcircle )  > .kt-accordion-inner-wrap > .wp-block-kadence-pane > .kt-accordion-header-wrap > .kt-blocks-accordion-header.kt-accordion-panel-active .kt-blocks-accordion-icon-trigger:before{background:#ffffff;}.kt-accordion-id428_df104e-fe:not( .kt-accodion-icon-style-basic ):not( .kt-accodion-icon-style-xclose ):not( .kt-accodion-icon-style-arrow ) .kt-blocks-accordion-header.kt-accordion-panel-active .kt-blocks-accordion-icon-trigger{background:#ffffff;}.kt-accordion-id428_df104e-fe:not( .kt-accodion-icon-style-basic ):not( .kt-accodion-icon-style-xclose ):not( .kt-accodion-icon-style-arrow ) .kt-blocks-accordion-header.kt-accordion-panel-active .kt-blocks-accordion-icon-trigger:after, .kt-accordion-id428_df104e-fe:not( .kt-accodion-icon-style-basic ):not( .kt-accodion-icon-style-xclose ):not( .kt-accodion-icon-style-arrow ) .kt-blocks-accordion-header.kt-accordion-panel-active .kt-blocks-accordion-icon-trigger:before{background:#444444;}@media all and (max-width: 1024px){.kt-accordion-id428_df104e-fe .kt-accordion-panel-inner{border-top:0px solid transparent;border-right:0px solid transparent;border-bottom:0px solid transparent;border-left:0px solid transparent;}}@media all and (max-width: 1024px){.kt-accordion-id428_df104e-fe > .kt-accordion-inner-wrap > .wp-block-kadence-pane > .kt-accordion-header-wrap > .kt-blocks-accordion-header{border-top:0px solid #f2f2f2;border-right:0px solid #f2f2f2;border-bottom:0px solid #f2f2f2;border-left:0px solid #f2f2f2;}}@media all and (max-width: 1024px){.kt-accordion-id428_df104e-fe > .kt-accordion-inner-wrap > .wp-block-kadence-pane > .kt-accordion-header-wrap > .kt-blocks-accordion-header:hover, \n\t\t\t\tbody:not(.hide-focus-outline) .kt-accordion-id428_df104e-fe .kt-blocks-accordion-header:focus-visible{border-top-color:#eeeeee;border-top-style:solid;border-right-color:#eeeeee;border-right-style:solid;border-bottom-color:#eeeeee;border-bottom-style:solid;border-left-color:#eeeeee;border-left-style:solid;}}@media all and (max-width: 1024px){.kt-accordion-id428_df104e-fe .kt-accordion-header-wrap .kt-blocks-accordion-header:focus-visible,\n\t\t\t\t.kt-accordion-id428_df104e-fe > .kt-accordion-inner-wrap > .wp-block-kadence-pane > .kt-accordion-header-wrap > .kt-blocks-accordion-header.kt-accordion-panel-active{border-top-color:#444444;border-top-style:solid;border-right-color:#444444;border-right-style:solid;border-bottom-color:#444444;border-bottom-style:solid;border-left-color:#444444;border-left-style:solid;}}@media all and (max-width: 767px){.kt-accordion-id428_df104e-fe .kt-accordion-inner-wrap{display:block;}.kt-accordion-id428_df104e-fe .kt-accordion-inner-wrap .kt-accordion-pane:not(:first-child){margin-top:0px;}.kt-accordion-id428_df104e-fe .kt-accordion-panel-inner{border-top:0px solid transparent;border-right:0px solid transparent;border-bottom:0px solid transparent;border-left:0px solid transparent;}.kt-accordion-id428_df104e-fe > .kt-accordion-inner-wrap > .wp-block-kadence-pane > .kt-accordion-header-wrap > .kt-blocks-accordion-header{border-top:0px solid #f2f2f2;border-right:0px solid #f2f2f2;border-bottom:0px solid #f2f2f2;border-left:0px solid #f2f2f2;}.kt-accordion-id428_df104e-fe > .kt-accordion-inner-wrap > .wp-block-kadence-pane > .kt-accordion-header-wrap > .kt-blocks-accordion-header:hover, \n\t\t\t\tbody:not(.hide-focus-outline) .kt-accordion-id428_df104e-fe .kt-blocks-accordion-header:focus-visible{border-top-color:#eeeeee;border-top-style:solid;border-right-color:#eeeeee;border-right-style:solid;border-bottom-color:#eeeeee;border-bottom-style:solid;border-left-color:#eeeeee;border-left-style:solid;}.kt-accordion-id428_df104e-fe .kt-accordion-header-wrap .kt-blocks-accordion-header:focus-visible,\n\t\t\t\t.kt-accordion-id428_df104e-fe > .kt-accordion-inner-wrap > .wp-block-kadence-pane > .kt-accordion-header-wrap > .kt-blocks-accordion-header.kt-accordion-panel-active{border-top-color:#444444;border-top-style:solid;border-right-color:#444444;border-right-style:solid;border-bottom-color:#444444;border-bottom-style:solid;border-left-color:#444444;border-left-style:solid;}}<\/style>\n<div class=\"wp-block-kadence-accordion alignnone\"><div class=\"kt-accordion-wrap kt-accordion-id428_df104e-fe kt-accordion-has-3-panes kt-active-pane-0 kt-accordion-block kt-pane-header-alignment-left kt-accodion-icon-style-basic kt-accodion-icon-side-right\" style=\"max-width:none\"><div class=\"kt-accordion-inner-wrap\" data-allow-multiple-open=\"false\" data-start-open=\"0\">\n<div class=\"wp-block-kadence-pane kt-accordion-pane kt-accordion-pane-2 kt-pane428_27f711-e0\"><div class=\"kt-accordion-header-wrap\"><button class=\"kt-blocks-accordion-header kt-acccordion-button-label-show\" type=\"button\"><span class=\"kt-blocks-accordion-title-wrap\"><span class=\"kt-blocks-accordion-title\">Aprendizajes de las matem\u00e1ticas en estudiantes con discapacidad<\/span><\/span><span class=\"kt-blocks-accordion-icon-trigger\"><\/span><\/button><\/div><div class=\"kt-accordion-panel kt-accordion-panel-hidden\"><div class=\"kt-accordion-panel-inner\">\n<figure class=\"wp-block-image size-large\"><img loading=\"lazy\" decoding=\"async\" width=\"791\" height=\"1024\" src=\"https:\/\/eime.redcimates.org\/event\/wp-content\/uploads\/2024\/11\/Mesa-tematica-Discapacidad-791x1024.jpg\" alt=\"\" class=\"wp-image-809\" srcset=\"https:\/\/eime.redcimates.org\/event\/wp-content\/uploads\/2024\/11\/Mesa-tematica-Discapacidad-791x1024.jpg 791w, https:\/\/eime.redcimates.org\/event\/wp-content\/uploads\/2024\/11\/Mesa-tematica-Discapacidad-232x300.jpg 232w, https:\/\/eime.redcimates.org\/event\/wp-content\/uploads\/2024\/11\/Mesa-tematica-Discapacidad-768x994.jpg 768w, https:\/\/eime.redcimates.org\/event\/wp-content\/uploads\/2024\/11\/Mesa-tematica-Discapacidad-1187x1536.jpg 1187w, https:\/\/eime.redcimates.org\/event\/wp-content\/uploads\/2024\/11\/Mesa-tematica-Discapacidad.jpg 1545w\" sizes=\"auto, (max-width: 791px) 100vw, 791px\" \/><\/figure>\n<\/div><\/div><\/div>\n\n\n\n<div class=\"wp-block-kadence-pane kt-accordion-pane kt-accordion-pane-3 kt-pane428_41d3b6-0f\"><div class=\"kt-accordion-header-wrap\"><button class=\"kt-blocks-accordion-header kt-acccordion-button-label-show\" type=\"button\"><span class=\"kt-blocks-accordion-title-wrap\"><span class=\"kt-blocks-accordion-title\">Innovaci\u00f3n y Curr\u00edculum<\/span><\/span><span class=\"kt-blocks-accordion-icon-trigger\"><\/span><\/button><\/div><div class=\"kt-accordion-panel kt-accordion-panel-hidden\"><div class=\"kt-accordion-panel-inner\">\n<figure class=\"wp-block-image size-large\"><img loading=\"lazy\" decoding=\"async\" width=\"791\" height=\"1024\" src=\"https:\/\/eime.redcimates.org\/event\/wp-content\/uploads\/2024\/11\/Mesa-tematica-Innovacion-y-Curriculum-791x1024.jpg\" alt=\"\" class=\"wp-image-810\" srcset=\"https:\/\/eime.redcimates.org\/event\/wp-content\/uploads\/2024\/11\/Mesa-tematica-Innovacion-y-Curriculum-791x1024.jpg 791w, https:\/\/eime.redcimates.org\/event\/wp-content\/uploads\/2024\/11\/Mesa-tematica-Innovacion-y-Curriculum-232x300.jpg 232w, https:\/\/eime.redcimates.org\/event\/wp-content\/uploads\/2024\/11\/Mesa-tematica-Innovacion-y-Curriculum-768x994.jpg 768w, https:\/\/eime.redcimates.org\/event\/wp-content\/uploads\/2024\/11\/Mesa-tematica-Innovacion-y-Curriculum-1187x1536.jpg 1187w, https:\/\/eime.redcimates.org\/event\/wp-content\/uploads\/2024\/11\/Mesa-tematica-Innovacion-y-Curriculum.jpg 1545w\" sizes=\"auto, (max-width: 791px) 100vw, 791px\" \/><\/figure>\n<\/div><\/div><\/div>\n\n\n\n<div class=\"wp-block-kadence-pane kt-accordion-pane kt-accordion-pane-1 kt-pane428_edaeea-73\"><div class=\"kt-accordion-header-wrap\"><button class=\"kt-blocks-accordion-header kt-acccordion-button-label-show\" type=\"button\"><span class=\"kt-blocks-accordion-title-wrap\"><span class=\"kt-blocks-accordion-title\">Innovaci\u00f3n a trav\u00e9s del profesor<\/span><\/span><span class=\"kt-blocks-accordion-icon-trigger\"><\/span><\/button><\/div><div class=\"kt-accordion-panel kt-accordion-panel-hidden\"><div class=\"kt-accordion-panel-inner\">\n<figure class=\"wp-block-image size-large\"><img loading=\"lazy\" decoding=\"async\" width=\"791\" height=\"1024\" src=\"https:\/\/eime.redcimates.org\/event\/wp-content\/uploads\/2024\/11\/Mesa-Innovacion-a-traves-del-profesor-791x1024.jpg\" alt=\"\" class=\"wp-image-807\" srcset=\"https:\/\/eime.redcimates.org\/event\/wp-content\/uploads\/2024\/11\/Mesa-Innovacion-a-traves-del-profesor-791x1024.jpg 791w, https:\/\/eime.redcimates.org\/event\/wp-content\/uploads\/2024\/11\/Mesa-Innovacion-a-traves-del-profesor-232x300.jpg 232w, https:\/\/eime.redcimates.org\/event\/wp-content\/uploads\/2024\/11\/Mesa-Innovacion-a-traves-del-profesor-768x994.jpg 768w, https:\/\/eime.redcimates.org\/event\/wp-content\/uploads\/2024\/11\/Mesa-Innovacion-a-traves-del-profesor-1187x1536.jpg 1187w, https:\/\/eime.redcimates.org\/event\/wp-content\/uploads\/2024\/11\/Mesa-Innovacion-a-traves-del-profesor.jpg 1545w\" sizes=\"auto, (max-width: 791px) 100vw, 791px\" \/><\/figure>\n<\/div><\/div><\/div>\n<\/div><\/div><\/div>\n","protected":false},"excerpt":{"rendered":"<p>Eventos en el que especialistas, investigadoras e investigadores en Matem\u00e1tica Educativa, autoridades educativas, docentes y dem\u00e1s personas implicadas en el tema de la EIME, expondr\u00e1n sus puntos de vista y reflexiones que desde la pr\u00e1ctica docente y la investigaci\u00f3n contribuyan &hellip; <a href=\"https:\/\/eime.redcimates.org\/event\/mesas-tematicas-xxix\/\">Continuar<\/a><\/p>\n","protected":false},"author":1,"featured_media":0,"parent":0,"menu_order":0,"comment_status":"closed","ping_status":"closed","template":"","meta":{"kt_blocks_editor_width":"","footnotes":""},"class_list":["post-1133","page","type-page","status-publish","hentry"],"_links":{"self":[{"href":"https:\/\/eime.redcimates.org\/event\/wp-json\/wp\/v2\/pages\/1133","targetHints":{"allow":["GET"]}}],"collection":[{"href":"https:\/\/eime.redcimates.org\/event\/wp-json\/wp\/v2\/pages"}],"about":[{"href":"https:\/\/eime.redcimates.org\/event\/wp-json\/wp\/v2\/types\/page"}],"author":[{"embeddable":true,"href":"https:\/\/eime.redcimates.org\/event\/wp-json\/wp\/v2\/users\/1"}],"replies":[{"embeddable":true,"href":"https:\/\/eime.redcimates.org\/event\/wp-json\/wp\/v2\/comments?post=1133"}],"version-history":[{"count":1,"href":"https:\/\/eime.redcimates.org\/event\/wp-json\/wp\/v2\/pages\/1133\/revisions"}],"predecessor-version":[{"id":1134,"href":"https:\/\/eime.redcimates.org\/event\/wp-json\/wp\/v2\/pages\/1133\/revisions\/1134"}],"wp:attachment":[{"href":"https:\/\/eime.redcimates.org\/event\/wp-json\/wp\/v2\/media?parent=1133"}],"curies":[{"name":"wp","href":"https:\/\/api.w.org\/{rel}","templated":true}]}}