{"id":1135,"date":"2026-05-08T23:23:47","date_gmt":"2026-05-08T23:23:47","guid":{"rendered":"https:\/\/eime.redcimates.org\/event\/?page_id=1135"},"modified":"2026-05-08T23:23:48","modified_gmt":"2026-05-08T23:23:48","slug":"concurso-de-video-xxix","status":"publish","type":"page","link":"https:\/\/eime.redcimates.org\/event\/concurso-de-video-xxix\/","title":{"rendered":"Concurso de video XXIX"},"content":{"rendered":"\n<p>En esta modalidad podr\u00e1n postularse videos en los que se plasman experiencias relativas a la Matem\u00e1tica Educativa, en alguna de las siguientes categor\u00edas:<br>1. Retos de la docencia de las matem\u00e1ticas.<br>2. Retribuci\u00f3n social desde la matem\u00e1tica educativa.<br>3. Divulgaci\u00f3n de la matem\u00e1tica educativa.<br>4. Diversidad e Inclusi\u00f3n en matem\u00e1ticas.<\/p>\n\n\n\n<p><strong>Evaluaci\u00f3n<br><\/strong>Los criterios de selecci\u00f3n para el concurso de video, en cualquiera de sus categor\u00edas, son las siguientes:<br>a. Representatividad del video en relaci\u00f3n con la categor\u00eda adoptada.<br>b. Creatividad.<br>c. Calidad t\u00e9cnica: enfoque, iluminaci\u00f3n, exposici\u00f3n, nitidez en imagen y audio.<br>d.cUso discursivo y figural de la informaci\u00f3n (predominio de di\u00e1logos y diagramas, fotograf\u00edas, ilustraciones, etc., en lugar de textos).<br>e. Mensaje del video.<br>Para cada una de las categor\u00edas, el jurado seleccionar\u00e1 entre 3 y 5 videos finalistas. Estos se publicar\u00e1n en la p\u00e1gina de Facebook del evento con la intenci\u00f3n de darlos a conocer a la comunidad.<br>Para elegir el video ganador de cada categor\u00eda, se tomar\u00e1 en cuenta la cantidad de reacciones obtenidas en los videos publicados en la p\u00e1gina de Facebook de la XXVI EIME una semana antes de que el evento d\u00e9 inicio.<br>Importante:<br>Al postular los videos al concurso, el autor garantiza y manifiesta que es poseedor de los derechos de autor de este y concede a la Red Cimates los derechos correspondientes para utilizarlos en futuras publicaciones y exposiciones, donde siempre se citar\u00e1 el nombre del autor y la procedencia del video en cuesti\u00f3n.<br>Los participantes que incumplan cualquiera de los requisitos se\u00f1alados en la presente convocatoria ser\u00e1n descalificados.<br>Periodo de recepci\u00f3n de videos:<\/p>\n\n\n<style>.wp-block-kadence-advancedheading.kt-adv-heading470_6d71d2-75, .wp-block-kadence-advancedheading.kt-adv-heading470_6d71d2-75[data-kb-block=\"kb-adv-heading470_6d71d2-75\"]{font-style:normal;}.wp-block-kadence-advancedheading.kt-adv-heading470_6d71d2-75 mark.kt-highlight, .wp-block-kadence-advancedheading.kt-adv-heading470_6d71d2-75[data-kb-block=\"kb-adv-heading470_6d71d2-75\"] mark.kt-highlight{font-style:normal;color:#f76a0c;-webkit-box-decoration-break:clone;box-decoration-break:clone;padding-top:0px;padding-right:0px;padding-bottom:0px;padding-left:0px;}.wp-block-kadence-advancedheading.kt-adv-heading470_6d71d2-75 img.kb-inline-image, .wp-block-kadence-advancedheading.kt-adv-heading470_6d71d2-75[data-kb-block=\"kb-adv-heading470_6d71d2-75\"] img.kb-inline-image{width:150px;vertical-align:baseline;}<\/style>\n<h2 class=\"kt-adv-heading470_6d71d2-75 wp-block-kadence-advancedheading\" data-kb-block=\"kb-adv-heading470_6d71d2-75\">Ganadores video ganadores EIME XXVI<\/h2>\n\n\n\n<p><a href=\"https:\/\/fb.watch\/w4Vb7Xt0Tk\">https:\/\/fb.watch\/w4Vb7Xt0Tk<\/a><\/p>\n\n\n<style>.wp-block-kadence-advancedheading.kt-adv-heading470_6437d5-e4, .wp-block-kadence-advancedheading.kt-adv-heading470_6437d5-e4[data-kb-block=\"kb-adv-heading470_6437d5-e4\"]{font-style:normal;}.wp-block-kadence-advancedheading.kt-adv-heading470_6437d5-e4 mark.kt-highlight, .wp-block-kadence-advancedheading.kt-adv-heading470_6437d5-e4[data-kb-block=\"kb-adv-heading470_6437d5-e4\"] mark.kt-highlight{font-style:normal;color:#f76a0c;-webkit-box-decoration-break:clone;box-decoration-break:clone;padding-top:0px;padding-right:0px;padding-bottom:0px;padding-left:0px;}.wp-block-kadence-advancedheading.kt-adv-heading470_6437d5-e4 img.kb-inline-image, .wp-block-kadence-advancedheading.kt-adv-heading470_6437d5-e4[data-kb-block=\"kb-adv-heading470_6437d5-e4\"] img.kb-inline-image{width:150px;vertical-align:baseline;}<\/style>\n<h2 class=\"kt-adv-heading470_6437d5-e4 wp-block-kadence-advancedheading\" data-kb-block=\"kb-adv-heading470_6437d5-e4\">Ganadores video ganadores EIME XXIII<\/h2>\n\n\n\n<figure class=\"wp-block-embed aligncenter is-type-video is-provider-youtube wp-block-embed-youtube\"><div class=\"wp-block-embed__wrapper\">\n<iframe loading=\"lazy\" title=\"Primer Lugar CV EIME 23\" width=\"500\" height=\"281\" src=\"https:\/\/www.youtube.com\/embed\/TjRbxoyc8ZE?feature=oembed\" frameborder=\"0\" allow=\"accelerometer; autoplay; clipboard-write; encrypted-media; gyroscope; picture-in-picture; web-share\" referrerpolicy=\"strict-origin-when-cross-origin\" allowfullscreen><\/iframe>\n<\/div><\/figure>\n\n\n\n<p><strong>T\u00edtulo:<\/strong> \u201cLas tareas de los ni\u00f1os en el periodo de confinamiento.\u201d<\/p>\n\n\n\n<p><strong>Campos de investigaci\u00f3n:<\/strong> Pensamiento aritm\u00e9tico, algebraico y geom\u00e9trico<\/p>\n\n\n\n<p><strong>Niveles educativos<\/strong>: B\u00e1sico (Preescolar o primaria, secundaria (12 a 15 a\u00f1os)<\/p>\n\n\n\n<p><strong>Autora:  Paola Balda<\/strong><\/p>\n\n\n\n<figure class=\"wp-block-embed aligncenter is-type-video is-provider-youtube wp-block-embed-youtube wp-embed-aspect-16-9 wp-has-aspect-ratio\"><div class=\"wp-block-embed__wrapper\">\n<iframe loading=\"lazy\" title=\"El Misterio de la Pir\u00e1mide de N\u00fameros\" width=\"500\" height=\"281\" src=\"https:\/\/www.youtube.com\/embed\/CAG1MPjCLc8?feature=oembed\" frameborder=\"0\" allow=\"accelerometer; autoplay; clipboard-write; encrypted-media; gyroscope; picture-in-picture; web-share\" referrerpolicy=\"strict-origin-when-cross-origin\" allowfullscreen><\/iframe>\n<\/div><\/figure>\n\n\n\n<p><strong>T\u00edtulo: \u201c<\/strong>El Misterio de los N\u00fameros Piramidales.\u201d&nbsp;<\/p>\n\n\n\n<p><strong>Campos de investigaci\u00f3n<\/strong>: Pensamiento aritm\u00e9tico, algebraico y Geom\u00e9trico<br><strong>Niveles educativos<\/strong>: B\u00e1sico (Preescolar o primaria) y Secundaria (12 a 15 a\u00f1os)<br>Autor(es): Dana Andrea Garc\u00eda Carrillo y Pablo Zeleny V\u00e1zquez.<\/p>\n\n\n\n<p>Facultad de Ciencias F\u00edsico Matem\u00e1ticas, Benem\u00e9rita Universidad Aut\u00f3noma de Puebla.<\/p>\n\n\n\n<figure class=\"wp-block-embed aligncenter is-type-video is-provider-youtube wp-block-embed-youtube\"><div class=\"wp-block-embed__wrapper\">\n<iframe loading=\"lazy\" title=\"Una clase de probabilidad y estadistica descriptiva actualmente en ingenier\u00eda en gesti\u00f3n empresarial\" width=\"500\" height=\"375\" src=\"https:\/\/www.youtube.com\/embed\/FV5imoQw25g?feature=oembed\" frameborder=\"0\" allow=\"accelerometer; autoplay; clipboard-write; encrypted-media; gyroscope; picture-in-picture; web-share\" referrerpolicy=\"strict-origin-when-cross-origin\" allowfullscreen><\/iframe>\n<\/div><\/figure>\n\n\n\n<p class=\"has-text-align-left\"><strong>T\u00edtulo:<\/strong> \u201cUna Clase de Probabilidad y Estad\u00edstica Descriptiva Actualmente en Ingenier\u00eda en Gesti\u00f3n Empresarial. \u201c<strong>Campos de investigaci\u00f3n:<\/strong> Pensamiento aritm\u00e9tico, algebraico y geom\u00e9trico<br><strong>Niveles educativos: <\/strong>B\u00e1sico (Preescolar o primaria) y Secundaria (12 a 15 a\u00f1os)<br>Autores: Mar\u00eda Teresa Mart\u00ednez Acosta; Norma Guadalupe Casas Acosta. <\/p>\n\n\n\n<p class=\"has-text-align-left\">TecNM: Instituto Tecnol\u00f3gico de Cd. Jim\u00e9nez<\/p>\n","protected":false},"excerpt":{"rendered":"<p>En esta modalidad podr\u00e1n postularse videos en los que se plasman experiencias relativas a la Matem\u00e1tica Educativa, en alguna de las siguientes categor\u00edas:1. Retos de la docencia de las matem\u00e1ticas.2. Retribuci\u00f3n social desde la matem\u00e1tica educativa.3. Divulgaci\u00f3n de la matem\u00e1tica &hellip; <a href=\"https:\/\/eime.redcimates.org\/event\/concurso-de-video-xxix\/\">Continuar<\/a><\/p>\n","protected":false},"author":1,"featured_media":0,"parent":0,"menu_order":0,"comment_status":"closed","ping_status":"closed","template":"","meta":{"kt_blocks_editor_width":"","footnotes":""},"class_list":["post-1135","page","type-page","status-publish","hentry"],"_links":{"self":[{"href":"https:\/\/eime.redcimates.org\/event\/wp-json\/wp\/v2\/pages\/1135","targetHints":{"allow":["GET"]}}],"collection":[{"href":"https:\/\/eime.redcimates.org\/event\/wp-json\/wp\/v2\/pages"}],"about":[{"href":"https:\/\/eime.redcimates.org\/event\/wp-json\/wp\/v2\/types\/page"}],"author":[{"embeddable":true,"href":"https:\/\/eime.redcimates.org\/event\/wp-json\/wp\/v2\/users\/1"}],"replies":[{"embeddable":true,"href":"https:\/\/eime.redcimates.org\/event\/wp-json\/wp\/v2\/comments?post=1135"}],"version-history":[{"count":1,"href":"https:\/\/eime.redcimates.org\/event\/wp-json\/wp\/v2\/pages\/1135\/revisions"}],"predecessor-version":[{"id":1136,"href":"https:\/\/eime.redcimates.org\/event\/wp-json\/wp\/v2\/pages\/1135\/revisions\/1136"}],"wp:attachment":[{"href":"https:\/\/eime.redcimates.org\/event\/wp-json\/wp\/v2\/media?parent=1135"}],"curies":[{"name":"wp","href":"https:\/\/api.w.org\/{rel}","templated":true}]}}