{"id":1138,"date":"2026-05-08T23:26:16","date_gmt":"2026-05-08T23:26:16","guid":{"rendered":"https:\/\/eime.redcimates.org\/event\/?page_id=1138"},"modified":"2026-05-08T23:26:17","modified_gmt":"2026-05-08T23:26:17","slug":"concurso-de-fotografia-xxix","status":"publish","type":"page","link":"https:\/\/eime.redcimates.org\/event\/concurso-de-fotografia-xxix\/","title":{"rendered":"Concurso de fotograf\u00eda XXIX"},"content":{"rendered":"\n<p>En esta modalidad podr\u00e1n postularse fotograf\u00edas en los que se plasman experiencias relativas a la Matem\u00e1tica Educativa, en alguna de las siguientes categor\u00edas:<\/p>\n\n\n\n<ol class=\"wp-block-list\">\n<li>Soy docente de matem\u00e1ticas.<\/li>\n\n\n\n<li>El proceso de aprendizaje en estudiantes.<\/li>\n\n\n\n<li>Matem\u00e1tica en el contexto.<\/li>\n\n\n\n<li>Haciendo matem\u00e1ticas<\/li>\n\n\n\n<li>Matem\u00e1ticas para todos<\/li>\n\n\n\n<li>Diversidad e inclusi\u00f3n en matem\u00e1ticas<\/li>\n<\/ol>\n\n\n\n<p><em><strong>Evaluaci\u00f3n<\/strong><\/em><\/p>\n\n\n\n<p class=\"has-medium-font-size\">Los criterios de selecci\u00f3n para el concurso de fotograf\u00eda, en cualquiera de sus categor\u00edas, son las siguientes:<\/p>\n\n\n\n<ul class=\"wp-block-list\">\n<li>Representatividad de la fotograf\u00eda en relaci\u00f3n con la categor\u00eda adoptada.<\/li>\n\n\n\n<li>Creatividad.<\/li>\n\n\n\n<li>Calidad t\u00e9cnica: enfoque, iluminaci\u00f3n, exposici\u00f3n, balance de color (saturaci\u00f3n del color) y presentaci\u00f3n o montaje.<\/li>\n\n\n\n<li>Calidad compositiva, equilibrio de color en la imagen en s\u00ed (no en la saturaci\u00f3n de color que se logra en la edici\u00f3n).<\/li>\n\n\n\n<li>Mensaje de la imagen.<\/li>\n<\/ul>\n\n\n\n<p>Para cada una de las categor\u00edas, el jurado seleccionar\u00e1 entre 3 y 5 fotograf\u00edas finalistas. Estas se publicar\u00e1n en la p\u00e1gina de Facebook del evento con la intenci\u00f3n de dar a conocer las fotograf\u00edas finalistas a la comunidad durante un per\u00edodo de tiempo antes del evento. Adem\u00e1s, para elegir la fotograf\u00eda ganadora de cada categor\u00eda entre las finalistas, se tomar\u00e1 en cuenta la cantidad de reacciones obtenidas en la fotograf\u00eda publicada en la p\u00e1gina de Facebook de la XXVI EIME una semana antes de que d\u00e9 inicio.<\/p>\n\n\n\n<p><\/p>\n\n\n\n<p><\/p>\n\n\n<style>.wp-block-kadence-advancedheading.kt-adv-heading476_6041d8-60, .wp-block-kadence-advancedheading.kt-adv-heading476_6041d8-60[data-kb-block=\"kb-adv-heading476_6041d8-60\"]{font-style:normal;}.wp-block-kadence-advancedheading.kt-adv-heading476_6041d8-60 mark.kt-highlight, .wp-block-kadence-advancedheading.kt-adv-heading476_6041d8-60[data-kb-block=\"kb-adv-heading476_6041d8-60\"] mark.kt-highlight{font-style:normal;color:#f76a0c;-webkit-box-decoration-break:clone;box-decoration-break:clone;padding-top:0px;padding-right:0px;padding-bottom:0px;padding-left:0px;}.wp-block-kadence-advancedheading.kt-adv-heading476_6041d8-60 img.kb-inline-image, .wp-block-kadence-advancedheading.kt-adv-heading476_6041d8-60[data-kb-block=\"kb-adv-heading476_6041d8-60\"] img.kb-inline-image{width:150px;vertical-align:baseline;}<\/style>\n<h2 class=\"kt-adv-heading476_6041d8-60 wp-block-kadence-advancedheading\" data-kb-block=\"kb-adv-heading476_6041d8-60\">Concurso de Fotograf\u00eda EIME XXVI<\/h2>\n\n\n<style>.wp-block-kadence-advancedgallery .kb-gallery-type-masonry.kb-gallery-id-476_92b354-a0{margin:-5px;}.kb-gallery-type-masonry.kb-gallery-id-476_92b354-a0 .kadence-blocks-gallery-item{padding:5px;}.kb-gallery-id-476_92b354-a0 .kadence-blocks-gallery-item .kb-gal-image-radius, .kb-gallery-id-476_92b354-a0 .kb-slide-item .kb-gal-image-radius img{border-radius:0px 0px 0px 0px;;}<\/style><div class=\"kb-gallery-wrap-id-476_92b354-a0 alignnone wp-block-kadence-advancedgallery\"><ul class=\"kb-gallery-ul kb-gallery-non-static kb-gallery-type-masonry kb-masonry-init kb-gallery-id-476_92b354-a0 kb-gallery-caption-style-bottom-hover kb-gallery-filter-none\" data-image-filter=\"none\" data-item-selector=\".kadence-blocks-gallery-item\" data-lightbox-caption=\"true\" data-columns-xxl=\"3\" data-columns-xl=\"3\" data-columns-md=\"3\" data-columns-sm=\"2\" data-columns-xs=\"1\" data-columns-ss=\"1\"><li class=\"kadence-blocks-gallery-item\" tabindex=\"0\"><div class=\"kadence-blocks-gallery-item-inner\"><figure class=\"kb-gallery-figure kadence-blocks-gallery-item-hide-caption\"><div class=\"kb-gal-image-radius\" style=\"max-width:1024px;\"><div class=\"kb-gallery-image-contain kadence-blocks-gallery-intrinsic\" style=\"padding-bottom:56%;\"><img loading=\"lazy\" decoding=\"async\" src=\"https:\/\/eime.redcimates.org\/event\/wp-content\/uploads\/2024\/11\/Foto-ganadora-2do-1024x576.jpg\" width=\"1024\" height=\"576\" alt=\"\" data-full-image=\"https:\/\/eime.redcimates.org\/event\/wp-content\/uploads\/2024\/11\/Foto-ganadora-2do.jpg\" data-light-image=\"https:\/\/eime.redcimates.org\/event\/wp-content\/uploads\/2024\/11\/Foto-ganadora-2do.jpg\" data-id=\"833\" class=\"wp-image-833\" srcset=\"https:\/\/eime.redcimates.org\/event\/wp-content\/uploads\/2024\/11\/Foto-ganadora-2do-1024x576.jpg 1024w, https:\/\/eime.redcimates.org\/event\/wp-content\/uploads\/2024\/11\/Foto-ganadora-2do-300x169.jpg 300w, https:\/\/eime.redcimates.org\/event\/wp-content\/uploads\/2024\/11\/Foto-ganadora-2do-768x432.jpg 768w, https:\/\/eime.redcimates.org\/event\/wp-content\/uploads\/2024\/11\/Foto-ganadora-2do-1536x864.jpg 1536w, https:\/\/eime.redcimates.org\/event\/wp-content\/uploads\/2024\/11\/Foto-ganadora-2do.jpg 2048w\" sizes=\"auto, (max-width: 1024px) 100vw, 1024px\" \/><\/div><\/div><\/figure><\/div><\/li><li class=\"kadence-blocks-gallery-item\" tabindex=\"0\"><div class=\"kadence-blocks-gallery-item-inner\"><figure class=\"kb-gallery-figure kadence-blocks-gallery-item-hide-caption\"><div class=\"kb-gal-image-radius\" style=\"max-width:1024px;\"><div class=\"kb-gallery-image-contain kadence-blocks-gallery-intrinsic\" style=\"padding-bottom:75%;\"><img loading=\"lazy\" decoding=\"async\" src=\"https:\/\/eime.redcimates.org\/event\/wp-content\/uploads\/2024\/11\/Foto-ganadora-3ro-1-1024x768.jpg\" width=\"1024\" height=\"768\" alt=\"\" data-full-image=\"https:\/\/eime.redcimates.org\/event\/wp-content\/uploads\/2024\/11\/Foto-ganadora-3ro-1.jpg\" data-light-image=\"https:\/\/eime.redcimates.org\/event\/wp-content\/uploads\/2024\/11\/Foto-ganadora-3ro-1.jpg\" data-id=\"834\" class=\"wp-image-834\" srcset=\"https:\/\/eime.redcimates.org\/event\/wp-content\/uploads\/2024\/11\/Foto-ganadora-3ro-1-1024x768.jpg 1024w, https:\/\/eime.redcimates.org\/event\/wp-content\/uploads\/2024\/11\/Foto-ganadora-3ro-1-300x225.jpg 300w, https:\/\/eime.redcimates.org\/event\/wp-content\/uploads\/2024\/11\/Foto-ganadora-3ro-1-768x576.jpg 768w, https:\/\/eime.redcimates.org\/event\/wp-content\/uploads\/2024\/11\/Foto-ganadora-3ro-1-1536x1152.jpg 1536w, https:\/\/eime.redcimates.org\/event\/wp-content\/uploads\/2024\/11\/Foto-ganadora-3ro-1.jpg 1600w\" sizes=\"auto, (max-width: 1024px) 100vw, 1024px\" \/><\/div><\/div><\/figure><\/div><\/li><li class=\"kadence-blocks-gallery-item\" tabindex=\"0\"><div class=\"kadence-blocks-gallery-item-inner\"><figure class=\"kb-gallery-figure kadence-blocks-gallery-item-hide-caption\"><div class=\"kb-gal-image-radius\" style=\"max-width:1024px;\"><div class=\"kb-gallery-image-contain kadence-blocks-gallery-intrinsic\" style=\"padding-bottom:75%;\"><img loading=\"lazy\" decoding=\"async\" src=\"https:\/\/eime.redcimates.org\/event\/wp-content\/uploads\/2024\/11\/Fotos-ganadora-1ro-1024x768.jpg\" width=\"1024\" height=\"768\" alt=\"\" data-full-image=\"https:\/\/eime.redcimates.org\/event\/wp-content\/uploads\/2024\/11\/Fotos-ganadora-1ro.jpg\" data-light-image=\"https:\/\/eime.redcimates.org\/event\/wp-content\/uploads\/2024\/11\/Fotos-ganadora-1ro.jpg\" data-id=\"835\" class=\"wp-image-835\" srcset=\"https:\/\/eime.redcimates.org\/event\/wp-content\/uploads\/2024\/11\/Fotos-ganadora-1ro-1024x768.jpg 1024w, https:\/\/eime.redcimates.org\/event\/wp-content\/uploads\/2024\/11\/Fotos-ganadora-1ro-300x225.jpg 300w, https:\/\/eime.redcimates.org\/event\/wp-content\/uploads\/2024\/11\/Fotos-ganadora-1ro-768x576.jpg 768w, https:\/\/eime.redcimates.org\/event\/wp-content\/uploads\/2024\/11\/Fotos-ganadora-1ro-1536x1152.jpg 1536w, https:\/\/eime.redcimates.org\/event\/wp-content\/uploads\/2024\/11\/Fotos-ganadora-1ro.jpg 1600w\" sizes=\"auto, (max-width: 1024px) 100vw, 1024px\" \/><\/div><\/div><\/figure><\/div><\/li><\/ul><\/div>\n\n<style>.wp-block-kadence-advancedheading.kt-adv-heading476_135fa7-4c, .wp-block-kadence-advancedheading.kt-adv-heading476_135fa7-4c[data-kb-block=\"kb-adv-heading476_135fa7-4c\"]{font-style:normal;}.wp-block-kadence-advancedheading.kt-adv-heading476_135fa7-4c mark.kt-highlight, .wp-block-kadence-advancedheading.kt-adv-heading476_135fa7-4c[data-kb-block=\"kb-adv-heading476_135fa7-4c\"] mark.kt-highlight{font-style:normal;color:#f76a0c;-webkit-box-decoration-break:clone;box-decoration-break:clone;padding-top:0px;padding-right:0px;padding-bottom:0px;padding-left:0px;}.wp-block-kadence-advancedheading.kt-adv-heading476_135fa7-4c img.kb-inline-image, .wp-block-kadence-advancedheading.kt-adv-heading476_135fa7-4c[data-kb-block=\"kb-adv-heading476_135fa7-4c\"] img.kb-inline-image{width:150px;vertical-align:baseline;}<\/style>\n<h2 class=\"kt-adv-heading476_135fa7-4c wp-block-kadence-advancedheading\" data-kb-block=\"kb-adv-heading476_135fa7-4c\">Concurso de Fotograf\u00eda EIME XXIII<\/h2>\n\n\n\n<figure class=\"wp-block-gallery has-nested-images columns-default is-cropped wp-block-gallery-1 is-layout-flex wp-block-gallery-is-layout-flex\">\n<figure class=\"wp-block-image size-large\"><img decoding=\"async\" data-id=\"236\" src=\"https:\/\/eime.redcimates.org\/event\/wp-content\/uploads\/2021\/11\/CF2-1024x1024.jpg\" alt=\"\" class=\"wp-image-236\"\/><\/figure>\n\n\n\n<figure class=\"wp-block-image size-large\"><img decoding=\"async\" data-id=\"239\" src=\"https:\/\/eime.redcimates.org\/event\/wp-content\/uploads\/2021\/11\/cf5.jpg\" alt=\"\" class=\"wp-image-239\"\/><\/figure>\n\n\n\n<figure class=\"wp-block-image size-large\"><img decoding=\"async\" data-id=\"241\" src=\"https:\/\/eime.redcimates.org\/event\/wp-content\/uploads\/2021\/11\/cf10-1024x768.jpg\" alt=\"\" class=\"wp-image-241\"\/><\/figure>\n\n\n\n<figure class=\"wp-block-image size-large\"><img decoding=\"async\" data-id=\"244\" src=\"https:\/\/eime.redcimates.org\/event\/wp-content\/uploads\/2021\/11\/cf11.png\" alt=\"\" class=\"wp-image-244\"\/><\/figure>\n\n\n\n<figure class=\"wp-block-image size-large\"><img decoding=\"async\" data-id=\"246\" src=\"https:\/\/eime.redcimates.org\/event\/wp-content\/uploads\/2021\/11\/cf12-1024x853.jpg\" alt=\"\" class=\"wp-image-246\"\/><\/figure>\n\n\n\n<figure class=\"wp-block-image size-large\"><img decoding=\"async\" data-id=\"251\" src=\"https:\/\/eime.redcimates.org\/event\/wp-content\/uploads\/2021\/11\/cf14.png\" alt=\"\" class=\"wp-image-251\"\/><\/figure>\n\n\n\n<figure class=\"wp-block-image size-large\"><img decoding=\"async\" data-id=\"252\" src=\"https:\/\/eime.redcimates.org\/event\/wp-content\/uploads\/2021\/11\/cf15.jpg\" alt=\"\" class=\"wp-image-252\"\/><\/figure>\n\n\n\n<figure class=\"wp-block-image size-large\"><img decoding=\"async\" data-id=\"253\" src=\"https:\/\/eime.redcimates.org\/event\/wp-content\/uploads\/2021\/11\/cf16-1024x768.jpg\" alt=\"\" class=\"wp-image-253\"\/><\/figure>\n\n\n\n<figure class=\"wp-block-image size-large\"><img decoding=\"async\" data-id=\"254\" src=\"https:\/\/eime.redcimates.org\/event\/wp-content\/uploads\/2021\/11\/cf17.jpg\" alt=\"\" class=\"wp-image-254\"\/><\/figure>\n<\/figure>\n\n\n\n<p><\/p>\n\n\n\n<p><\/p>\n","protected":false},"excerpt":{"rendered":"<p>En esta modalidad podr\u00e1n postularse fotograf\u00edas en los que se plasman experiencias relativas a la Matem\u00e1tica Educativa, en alguna de las siguientes categor\u00edas: Evaluaci\u00f3n Los criterios de selecci\u00f3n para el concurso de fotograf\u00eda, en cualquiera de sus categor\u00edas, son las &hellip; <a href=\"https:\/\/eime.redcimates.org\/event\/concurso-de-fotografia-xxix\/\">Continuar<\/a><\/p>\n","protected":false},"author":1,"featured_media":0,"parent":0,"menu_order":0,"comment_status":"closed","ping_status":"closed","template":"","meta":{"kt_blocks_editor_width":"","footnotes":""},"class_list":["post-1138","page","type-page","status-publish","hentry"],"_links":{"self":[{"href":"https:\/\/eime.redcimates.org\/event\/wp-json\/wp\/v2\/pages\/1138","targetHints":{"allow":["GET"]}}],"collection":[{"href":"https:\/\/eime.redcimates.org\/event\/wp-json\/wp\/v2\/pages"}],"about":[{"href":"https:\/\/eime.redcimates.org\/event\/wp-json\/wp\/v2\/types\/page"}],"author":[{"embeddable":true,"href":"https:\/\/eime.redcimates.org\/event\/wp-json\/wp\/v2\/users\/1"}],"replies":[{"embeddable":true,"href":"https:\/\/eime.redcimates.org\/event\/wp-json\/wp\/v2\/comments?post=1138"}],"version-history":[{"count":1,"href":"https:\/\/eime.redcimates.org\/event\/wp-json\/wp\/v2\/pages\/1138\/revisions"}],"predecessor-version":[{"id":1139,"href":"https:\/\/eime.redcimates.org\/event\/wp-json\/wp\/v2\/pages\/1138\/revisions\/1139"}],"wp:attachment":[{"href":"https:\/\/eime.redcimates.org\/event\/wp-json\/wp\/v2\/media?parent=1138"}],"curies":[{"name":"wp","href":"https:\/\/api.w.org\/{rel}","templated":true}]}}