{"id":1154,"date":"2026-05-09T00:04:58","date_gmt":"2026-05-09T00:04:58","guid":{"rendered":"https:\/\/eime.redcimates.org\/event\/?page_id=1154"},"modified":"2026-05-09T00:04:59","modified_gmt":"2026-05-09T00:04:59","slug":"carteles-xxix","status":"publish","type":"page","link":"https:\/\/eime.redcimates.org\/event\/carteles-xxix\/","title":{"rendered":"Carteles XXIX"},"content":{"rendered":"\n<p>Bajo esta modalidad se comparten experiencias did\u00e1cticas, institucionales o en grupos de trabajo, avances de investigaci\u00f3n o reflexiones te\u00f3rico\/metodol\u00f3gicas, mediante una presentaci\u00f3n visual.<\/p>\n\n\n\n<p>Las propuestas presentadas en esta modalidad deben mostrar relevancia, pertinencia y congruencia en el escrito que presentar\u00e1 considerando una breve explicaci\u00f3n de la idea acad\u00e9mica que sustentar\u00e1 el cartel, la problem\u00e1tica o problema identificado, aspectos del sustento te\u00f3rico, la metodolog\u00eda empleada en la investigaci\u00f3n o, en caso de experiencia did\u00e1ctica, las estrategias consideradas, los avances o resultados obtenidos, conclusiones o reflexiones y las fuentes de informaci\u00f3n o referencias.<\/p>\n\n\n\n<figure class=\"wp-block-image size-large\"><img loading=\"lazy\" decoding=\"async\" width=\"1024\" height=\"509\" src=\"https:\/\/eime.redcimates.org\/event\/wp-content\/uploads\/2024\/11\/IMG-20231205-WA0017-1024x509.jpg\" alt=\"\" class=\"wp-image-828\" srcset=\"https:\/\/eime.redcimates.org\/event\/wp-content\/uploads\/2024\/11\/IMG-20231205-WA0017-1024x509.jpg 1024w, https:\/\/eime.redcimates.org\/event\/wp-content\/uploads\/2024\/11\/IMG-20231205-WA0017-300x149.jpg 300w, https:\/\/eime.redcimates.org\/event\/wp-content\/uploads\/2024\/11\/IMG-20231205-WA0017-768x382.jpg 768w, https:\/\/eime.redcimates.org\/event\/wp-content\/uploads\/2024\/11\/IMG-20231205-WA0017-1536x764.jpg 1536w, https:\/\/eime.redcimates.org\/event\/wp-content\/uploads\/2024\/11\/IMG-20231205-WA0017.jpg 1600w\" sizes=\"auto, (max-width: 1024px) 100vw, 1024px\" \/><\/figure>\n\n\n<style>.kadence-column488_58b46f-06 > .kt-inside-inner-col,.kadence-column488_58b46f-06 > .kt-inside-inner-col:before{border-top-left-radius:0px;border-top-right-radius:0px;border-bottom-right-radius:0px;border-bottom-left-radius:0px;}.kadence-column488_58b46f-06 > .kt-inside-inner-col{column-gap:var(--global-kb-gap-sm, 1rem);}.kadence-column488_58b46f-06 > .kt-inside-inner-col{flex-direction:column;}.kadence-column488_58b46f-06 > .kt-inside-inner-col > .aligncenter{width:100%;}.kadence-column488_58b46f-06 > .kt-inside-inner-col:before{opacity:0.3;}.kadence-column488_58b46f-06{position:relative;}@media all and (max-width: 1024px){.kadence-column488_58b46f-06 > .kt-inside-inner-col{flex-direction:column;justify-content:center;}}@media all and (max-width: 767px){.kadence-column488_58b46f-06 > .kt-inside-inner-col{flex-direction:column;justify-content:center;}}<\/style>\n<div class=\"wp-block-kadence-column kadence-column488_58b46f-06\"><div class=\"kt-inside-inner-col\">\n<h2 class=\"wp-block-heading has-text-align-center\">PRESENTACI\u00d3N DE CARTELES<\/h2>\n<\/div><\/div>\n\n\n\n<p><strong>Una vez aceptada la propuesta para su presentaci\u00f3n presencial los carteles deber\u00e1n<br>cumplir los siguientes lineamientos:<\/strong><br>Tama\u00f1o de 90 cm de ancho por 120 de alto<\/p>\n\n\n\n<p>Uso m\u00ednimo de texto. La tipograf\u00eda es libre, con un tama\u00f1o m\u00ednimo de 40 puntos.<\/p>\n\n\n\n<p>Informaci\u00f3n en im\u00e1genes predominante.<\/p>\n\n\n\n<p>Se puede emplear cualquier programa o aplicaci\u00f3n<\/p>\n\n\n\n<p>Se sugiere poner especial atenci\u00f3n a la distribuci\u00f3n del texto y las figuras o gr\u00e1ficos empleados, el tipo y tama\u00f1o de la tipograf\u00eda elegida, la elecci\u00f3n y combinaci\u00f3n de los colores y la calidad de la imagen.<\/p>\n\n\n\n<p>La exposici\u00f3n de carteles se llevar\u00e1 a cabo el martes 10 de diciembre, de 16:00 a 18:00 horas en la Facultad de Educaci\u00f3n de la Universidad Aut\u00f3noma de Yucat\u00e1n y la premiaci\u00f3n el viernes 13 de diciembre a las 19:00 horas en la Facultad de Ingenier\u00eda de la misma universidad.<\/p>\n\n\n\n<div style=\"height:17px\" aria-hidden=\"true\" class=\"wp-block-spacer\"><\/div>\n\n\n\n<hr class=\"wp-block-separator has-css-opacity\"\/>\n\n\n\n<div style=\"height:20px\" aria-hidden=\"true\" class=\"wp-block-spacer\"><\/div>\n\n\n\n<hr class=\"wp-block-separator has-css-opacity\"\/>\n\n\n\n<div style=\"height:20px\" aria-hidden=\"true\" class=\"wp-block-spacer\"><\/div>\n","protected":false},"excerpt":{"rendered":"<p>Bajo esta modalidad se comparten experiencias did\u00e1cticas, institucionales o en grupos de trabajo, avances de investigaci\u00f3n o reflexiones te\u00f3rico\/metodol\u00f3gicas, mediante una presentaci\u00f3n visual. Las propuestas presentadas en esta modalidad deben mostrar relevancia, pertinencia y congruencia en el escrito que presentar\u00e1 &hellip; <a href=\"https:\/\/eime.redcimates.org\/event\/carteles-xxix\/\">Continuar<\/a><\/p>\n","protected":false},"author":1,"featured_media":0,"parent":0,"menu_order":0,"comment_status":"closed","ping_status":"closed","template":"","meta":{"kt_blocks_editor_width":"","footnotes":""},"class_list":["post-1154","page","type-page","status-publish","hentry"],"_links":{"self":[{"href":"https:\/\/eime.redcimates.org\/event\/wp-json\/wp\/v2\/pages\/1154","targetHints":{"allow":["GET"]}}],"collection":[{"href":"https:\/\/eime.redcimates.org\/event\/wp-json\/wp\/v2\/pages"}],"about":[{"href":"https:\/\/eime.redcimates.org\/event\/wp-json\/wp\/v2\/types\/page"}],"author":[{"embeddable":true,"href":"https:\/\/eime.redcimates.org\/event\/wp-json\/wp\/v2\/users\/1"}],"replies":[{"embeddable":true,"href":"https:\/\/eime.redcimates.org\/event\/wp-json\/wp\/v2\/comments?post=1154"}],"version-history":[{"count":1,"href":"https:\/\/eime.redcimates.org\/event\/wp-json\/wp\/v2\/pages\/1154\/revisions"}],"predecessor-version":[{"id":1155,"href":"https:\/\/eime.redcimates.org\/event\/wp-json\/wp\/v2\/pages\/1154\/revisions\/1155"}],"wp:attachment":[{"href":"https:\/\/eime.redcimates.org\/event\/wp-json\/wp\/v2\/media?parent=1154"}],"curies":[{"name":"wp","href":"https:\/\/api.w.org\/{rel}","templated":true}]}}